{"id":117853,"date":"2023-01-19T12:58:26","date_gmt":"2023-01-19T11:58:26","guid":{"rendered":"https:\/\/imagineme.ai\/cookie-policy\/"},"modified":"2024-12-10T20:54:38","modified_gmt":"2024-12-10T19:54:38","slug":"cookie-policy","status":"publish","type":"page","link":"https:\/\/imagineme.ai\/de\/cookie-policy\/","title":{"rendered":"Cookie Richtlinie"},"content":{"rendered":"\t\t<div data-elementor-type=\"wp-page\" data-elementor-id=\"117853\" class=\"elementor elementor-117853 elementor-11314\" data-elementor-post-type=\"page\">\n\t\t\t\t\t\t<section class=\"elementor-section elementor-top-section elementor-element elementor-element-4fc5861 elementor-section-boxed elementor-section-height-default elementor-section-height-default\" data-id=\"4fc5861\" data-element_type=\"section\" data-e-type=\"section\">\n\t\t\t\t\t\t<div class=\"elementor-container elementor-column-gap-default\">\n\t\t\t\t\t<div class=\"elementor-column elementor-col-100 elementor-top-column elementor-element elementor-element-bde64d1\" data-id=\"bde64d1\" data-element_type=\"column\" data-e-type=\"column\">\n\t\t\t<div class=\"elementor-widget-wrap elementor-element-populated\">\n\t\t\t\t\t\t<div class=\"elementor-element elementor-element-4645829 elementor-widget elementor-widget-heading\" data-id=\"4645829\" data-element_type=\"widget\" data-e-type=\"widget\" data-widget_type=\"heading.default\">\n\t\t\t\t<div class=\"elementor-widget-container\">\n\t\t\t\t\t<h1 class=\"elementor-heading-title elementor-size-default\">Cookie Richtlinie<\/h1>\t\t\t\t<\/div>\n\t\t\t\t<\/div>\n\t\t\t\t<div class=\"elementor-element elementor-element-e665108 elementor-widget elementor-widget-text-editor\" data-id=\"e665108\" data-element_type=\"widget\" data-e-type=\"widget\" data-widget_type=\"text-editor.default\">\n\t\t\t\t<div class=\"elementor-widget-container\">\n\t\t\t\t\t\t\t\t\t<p>Dies ist die Cookie-Richtlinie von ImagineMe.<\/p>\n\t\t\t\t\t\t\t\t<\/div>\n\t\t\t\t<\/div>\n\t\t\t\t<div class=\"elementor-element elementor-element-4685a5e elementor-widget elementor-widget-heading\" data-id=\"4685a5e\" data-element_type=\"widget\" data-e-type=\"widget\" data-widget_type=\"heading.default\">\n\t\t\t\t<div class=\"elementor-widget-container\">\n\t\t\t\t\t<h2 class=\"elementor-heading-title elementor-size-default\">Was sind Cookies?<\/h2>\t\t\t\t<\/div>\n\t\t\t\t<\/div>\n\t\t\t\t<div class=\"elementor-element elementor-element-274b799 elementor-widget elementor-widget-text-editor\" data-id=\"274b799\" data-element_type=\"widget\" data-e-type=\"widget\" data-widget_type=\"text-editor.default\">\n\t\t\t\t<div class=\"elementor-widget-container\">\n\t\t\t\t\t\t\t\t\t<p>Wie auf den meisten Websites verwenden wir Cookies \u2013 kleine Dateien auf Ihrem Computer \u2013 zur Verbesserung Ihrer Erfahrung. Diese Seite erkl\u00e4rt, welche Informationen gesammelt werden, wie wir sie nutzen und warum wir sie speichern. Au\u00dferdem erfahren Sie, wie Sie Cookies verhindern k\u00f6nnen, was jedoch die Funktionalit\u00e4t der Website beeintr\u00e4chtigen k\u00f6nnte.  <\/p>\n\t\t\t\t\t\t\t\t<\/div>\n\t\t\t\t<\/div>\n\t\t\t\t<div class=\"elementor-element elementor-element-f43af3c elementor-widget elementor-widget-heading\" data-id=\"f43af3c\" data-element_type=\"widget\" data-e-type=\"widget\" data-widget_type=\"heading.default\">\n\t\t\t\t<div class=\"elementor-widget-container\">\n\t\t\t\t\t<h2 class=\"elementor-heading-title elementor-size-default\">Wie wir Cookies nutzen<\/h2>\t\t\t\t<\/div>\n\t\t\t\t<\/div>\n\t\t\t\t<div class=\"elementor-element elementor-element-42bb15d elementor-widget elementor-widget-text-editor\" data-id=\"42bb15d\" data-element_type=\"widget\" data-e-type=\"widget\" data-widget_type=\"text-editor.default\">\n\t\t\t\t<div class=\"elementor-widget-container\">\n\t\t\t\t\t\t\t\t\t<p>Wir verwenden Cookies aus verschiedenen unten beschriebenen Gr\u00fcnden. Leider gibt es in den meisten F\u00e4llen keine branchen\u00fcblichen Optionen, um Cookies zu deaktivieren, ohne die Funktionalit\u00e4t und die Features, die sie dieser Website hinzuf\u00fcgen, vollst\u00e4ndig zu deaktivieren. Es wird empfohlen, alle Cookies aktiviert zu lassen, wenn Sie sich nicht sicher sind, ob Sie sie ben\u00f6tigen, da sie m\u00f6glicherweise f\u00fcr die Bereitstellung einer von Ihnen genutzten Funktion erforderlich sind.  <\/p>\n\t\t\t\t\t\t\t\t<\/div>\n\t\t\t\t<\/div>\n\t\t\t\t<div class=\"elementor-element elementor-element-3f80500 elementor-widget elementor-widget-heading\" data-id=\"3f80500\" data-element_type=\"widget\" data-e-type=\"widget\" data-widget_type=\"heading.default\">\n\t\t\t\t<div class=\"elementor-widget-container\">\n\t\t\t\t\t<h2 class=\"elementor-heading-title elementor-size-default\">Cookies deaktivieren<\/h2>\t\t\t\t<\/div>\n\t\t\t\t<\/div>\n\t\t\t\t<div class=\"elementor-element elementor-element-607c891 elementor-widget elementor-widget-text-editor\" data-id=\"607c891\" data-element_type=\"widget\" data-e-type=\"widget\" data-widget_type=\"text-editor.default\">\n\t\t\t\t<div class=\"elementor-widget-container\">\n\t\t\t\t\t\t\t\t\t<p>Sie k\u00f6nnen die Verwendung von Cookies verhindern, indem Sie die Einstellungen in Ihrem Browser anpassen (siehe die Hilfe Ihres Browsers). Beachten Sie, dass das Deaktivieren von Cookies die Funktionalit\u00e4t dieser und vieler anderer Websites, die Sie besuchen, beeintr\u00e4chtigen wird. Das Deaktivieren von Cookies f\u00fchrt in der Regel dazu, dass auch bestimmte Funktionen und Features der Website deaktiviert werden. Daher wird empfohlen, Cookies nicht zu deaktivieren.    <\/p>\n<p>Wenn Sie bereits gespeicherte Cookies entfernen m\u00f6chten, k\u00f6nnen Sie dies \u00fcber das Einstellungsmen\u00fc Ihres Browsers tun. Die Anpassung dieser Einstellungen variiert je nach Browser.  <\/p>\n\t\t\t\t\t\t\t\t<\/div>\n\t\t\t\t<\/div>\n\t\t\t\t<div class=\"elementor-element elementor-element-2fb393f elementor-widget elementor-widget-heading\" data-id=\"2fb393f\" data-element_type=\"widget\" data-e-type=\"widget\" data-widget_type=\"heading.default\">\n\t\t\t\t<div class=\"elementor-widget-container\">\n\t\t\t\t\t<h2 class=\"elementor-heading-title elementor-size-default\">Die von uns gesetzten Cookies<\/h2>\t\t\t\t<\/div>\n\t\t\t\t<\/div>\n\t\t\t\t<div class=\"elementor-element elementor-element-15e9894 elementor-widget elementor-widget-text-editor\" data-id=\"15e9894\" data-element_type=\"widget\" data-e-type=\"widget\" data-widget_type=\"text-editor.default\">\n\t\t\t\t<div class=\"elementor-widget-container\">\n\t\t\t\t\t\t\t\t\t<p>Kontobezogene Cookies<br \/>Wenn Sie ein Konto bei uns erstellen, verwenden wir Cookies zur Verwaltung des Anmeldeprozesses und der allgemeinen Administration. Diese Cookies werden in der Regel gel\u00f6scht, wenn Sie sich abmelden. In einigen F\u00e4llen k\u00f6nnen sie jedoch erhalten bleiben, um Ihre Seiteneinstellungen auch nach der Abmeldung zu speichern. <\/p>\n<p>Cookies f\u00fcr die Bestellabwicklung<br \/>Diese Website bietet E-Commerce- oder Zahlungsdienste an, und einige Cookies sind erforderlich, um sicherzustellen, dass Ihre Bestellung zwischen den Seiten gespeichert wird, damit wir sie ordnungsgem\u00e4\u00df bearbeiten k\u00f6nnen.<\/p>\n\t\t\t\t\t\t\t\t<\/div>\n\t\t\t\t<\/div>\n\t\t\t\t<div class=\"elementor-element elementor-element-1d3cab6 elementor-widget elementor-widget-heading\" data-id=\"1d3cab6\" data-element_type=\"widget\" data-e-type=\"widget\" data-widget_type=\"heading.default\">\n\t\t\t\t<div class=\"elementor-widget-container\">\n\t\t\t\t\t<h2 class=\"elementor-heading-title elementor-size-default\">Weitere Informationen<\/h2>\t\t\t\t<\/div>\n\t\t\t\t<\/div>\n\t\t\t\t<div class=\"elementor-element elementor-element-8c01177 elementor-widget elementor-widget-text-editor\" data-id=\"8c01177\" data-element_type=\"widget\" data-e-type=\"widget\" data-widget_type=\"text-editor.default\">\n\t\t\t\t<div class=\"elementor-widget-container\">\n\t\t\t\t\t\t\t\t\t<p>Hoffentlich hat das die Dinge f\u00fcr Sie gekl\u00e4rt. Wie bereits erw\u00e4hnt, ist es in der Regel sicherer, Cookies aktiviert zu lassen, falls sie mit einer der Funktionen interagieren, die Sie auf unserer Website nutzen. <\/p>\n<p>Erfahren Sie mehr \u00fcber Cookies unter <a href=\"https:\/\/allaboutcookies.org\/\">https:\/\/allaboutcookies.org\/<\/a><\/p>\n<p>Erfahren Sie mehr dar\u00fcber, wie wir Ihre Daten behandeln, unter <a href=\"https:\/\/imagineme.ai\/de\/privacypolicy\/\">https:\/\/imagineme.ai\/privacypolicy\/<\/a><\/p>\n<p>Wenn Sie dennoch weitere Informationen ben\u00f6tigen, k\u00f6nnen Sie uns \u00fcber eine unserer bevorzugten Kontaktmethoden erreichen: <\/p>\n<p>Email: <a href=\"mailto:support@imagineme.ai\">support@imagineme.ai<\/a><\/p>\n\t\t\t\t\t\t\t\t<\/div>\n\t\t\t\t<\/div>\n\t\t\t\t\t<\/div>\n\t\t<\/div>\n\t\t\t\t\t<\/div>\n\t\t<\/section>\n\t\t\t\t<\/div>\n\t\t","protected":false},"excerpt":{"rendered":"<p>Cookie Richtlinie Dies ist die Cookie-Richtlinie von ImagineMe. Was sind Cookies? Wie auf den meisten Websites verwenden wir Cookies \u2013 [&hellip;]<\/p>\n","protected":false},"author":1,"featured_media":0,"parent":0,"menu_order":0,"comment_status":"closed","ping_status":"closed","template":"","meta":{"site-sidebar-layout":"no-sidebar","site-content-layout":"page-builder","ast-site-content-layout":"full-width-container","site-content-style":"unboxed","site-sidebar-style":"unboxed","ast-global-header-display":"","ast-banner-title-visibility":"","ast-main-header-display":"","ast-hfb-above-header-display":"","ast-hfb-below-header-display":"","ast-hfb-mobile-header-display":"","site-post-title":"disabled","ast-breadcrumbs-content":"","ast-featured-img":"disabled","footer-sml-layout":"","ast-disable-related-posts":"","theme-transparent-header-meta":"","adv-header-id-meta":"","stick-header-meta":"","header-above-stick-meta":"","header-main-stick-meta":"","header-below-stick-meta":"","astra-migrate-meta-layouts":"default","ast-page-background-enabled":"default","ast-page-background-meta":{"desktop":{"background-color":"","background-image":"","background-repeat":"repeat","background-position":"center center","background-size":"auto","background-attachment":"scroll","background-type":"","background-media":"","overlay-type":"","overlay-color":"","overlay-opacity":"","overlay-gradient":""},"tablet":{"background-color":"","background-image":"","background-repeat":"repeat","background-position":"center center","background-size":"auto","background-attachment":"scroll","background-type":"","background-media":"","overlay-type":"","overlay-color":"","overlay-opacity":"","overlay-gradient":""},"mobile":{"background-color":"","background-image":"","background-repeat":"repeat","background-position":"center center","background-size":"auto","background-attachment":"scroll","background-type":"","background-media":"","overlay-type":"","overlay-color":"","overlay-opacity":"","overlay-gradient":""}},"ast-content-background-meta":{"desktop":{"background-color":"var(--ast-global-color-5)","background-image":"","background-repeat":"repeat","background-position":"center center","background-size":"auto","background-attachment":"scroll","background-type":"","background-media":"","overlay-type":"","overlay-color":"","overlay-opacity":"","overlay-gradient":""},"tablet":{"background-color":"var(--ast-global-color-5)","background-image":"","background-repeat":"repeat","background-position":"center center","background-size":"auto","background-attachment":"scroll","background-type":"","background-media":"","overlay-type":"","overlay-color":"","overlay-opacity":"","overlay-gradient":""},"mobile":{"background-color":"var(--ast-global-color-5)","background-image":"","background-repeat":"repeat","background-position":"center center","background-size":"auto","background-attachment":"scroll","background-type":"","background-media":"","overlay-type":"","overlay-color":"","overlay-opacity":"","overlay-gradient":""}},"im_meta_structure":"","footnotes":""},"class_list":["post-117853","page","type-page","status-publish","hentry"],"yoast_head":"<!-- This site is optimized with the Yoast SEO plugin v27.2 - https:\/\/yoast.com\/product\/yoast-seo-wordpress\/ -->\n<title>Cookie Richtlinie - ImagineMe<\/title>\n<meta name=\"description\" content=\"Erfahren Sie, wie wir Cookies verwenden, um Ihre Erfahrung zu optimieren, welche Cookies wir nutzen und wie Sie sie deaktivieren k\u00f6nnen.\" \/>\n<meta name=\"robots\" content=\"index, follow, max-snippet:-1, max-image-preview:large, max-video-preview:-1\" \/>\n<link rel=\"canonical\" href=\"https:\/\/imagineme.ai\/de\/cookie-policy\/\" \/>\n<meta property=\"og:locale\" content=\"de_DE\" \/>\n<meta property=\"og:type\" content=\"article\" \/>\n<meta property=\"og:title\" content=\"Cookie Richtlinie - ImagineMe\" \/>\n<meta property=\"og:description\" content=\"Erfahren Sie, wie wir Cookies verwenden, um Ihre Erfahrung zu optimieren, welche Cookies wir nutzen und wie Sie sie deaktivieren k\u00f6nnen.\" \/>\n<meta property=\"og:url\" content=\"https:\/\/imagineme.ai\/de\/cookie-policy\/\" \/>\n<meta property=\"og:site_name\" content=\"ImagineMe\" \/>\n<meta property=\"article:modified_time\" content=\"2024-12-10T19:54:38+00:00\" \/>\n<meta name=\"twitter:card\" content=\"summary_large_image\" \/>\n<meta name=\"twitter:label1\" content=\"Gesch\u00e4tzte Lesezeit\" \/>\n\t<meta name=\"twitter:data1\" content=\"2\u00a0Minuten\" \/>\n<script type=\"application\/ld+json\" class=\"yoast-schema-graph\">{\"@context\":\"https:\/\/schema.org\",\"@graph\":[{\"@type\":\"WebPage\",\"@id\":\"https:\/\/imagineme.ai\/de\/cookie-policy\/\",\"url\":\"https:\/\/imagineme.ai\/de\/cookie-policy\/\",\"name\":\"Cookie Richtlinie - ImagineMe\",\"isPartOf\":{\"@id\":\"https:\/\/imagineme.ai\/de\/#website\"},\"datePublished\":\"2023-01-19T11:58:26+00:00\",\"dateModified\":\"2024-12-10T19:54:38+00:00\",\"description\":\"Erfahren Sie, wie wir Cookies verwenden, um Ihre Erfahrung zu optimieren, welche Cookies wir nutzen und wie Sie sie deaktivieren k\u00f6nnen.\",\"breadcrumb\":{\"@id\":\"https:\/\/imagineme.ai\/de\/cookie-policy\/#breadcrumb\"},\"inLanguage\":\"de\",\"potentialAction\":[{\"@type\":\"ReadAction\",\"target\":[\"https:\/\/imagineme.ai\/de\/cookie-policy\/\"]}]},{\"@type\":\"BreadcrumbList\",\"@id\":\"https:\/\/imagineme.ai\/de\/cookie-policy\/#breadcrumb\",\"itemListElement\":[{\"@type\":\"ListItem\",\"position\":1,\"name\":\"Home\",\"item\":\"https:\/\/imagineme.ai\/de\/\"},{\"@type\":\"ListItem\",\"position\":2,\"name\":\"Cookie Richtlinie\"}]},{\"@type\":\"WebSite\",\"@id\":\"https:\/\/imagineme.ai\/de\/#website\",\"url\":\"https:\/\/imagineme.ai\/de\/\",\"name\":\"ImagineMe\",\"description\":\"ImagineMe is a new AI system that lets you generate stunning art of yourself from a simple text description.\",\"publisher\":{\"@id\":\"https:\/\/imagineme.ai\/de\/#organization\"},\"potentialAction\":[{\"@type\":\"SearchAction\",\"target\":{\"@type\":\"EntryPoint\",\"urlTemplate\":\"https:\/\/imagineme.ai\/de\/?s={search_term_string}\"},\"query-input\":{\"@type\":\"PropertyValueSpecification\",\"valueRequired\":true,\"valueName\":\"search_term_string\"}}],\"inLanguage\":\"de\"},{\"@type\":\"Organization\",\"@id\":\"https:\/\/imagineme.ai\/de\/#organization\",\"name\":\"ImagineMe\",\"url\":\"https:\/\/imagineme.ai\/de\/\",\"logo\":{\"@type\":\"ImageObject\",\"inLanguage\":\"de\",\"@id\":\"https:\/\/imagineme.ai\/de\/#\/schema\/logo\/image\/\",\"url\":\"https:\/\/imagineme-ai.b-cdn.net\/wp-content\/uploads\/2022\/11\/imagineme_logo_512.png\",\"contentUrl\":\"https:\/\/imagineme-ai.b-cdn.net\/wp-content\/uploads\/2022\/11\/imagineme_logo_512.png\",\"width\":512,\"height\":512,\"caption\":\"ImagineMe\"},\"image\":{\"@id\":\"https:\/\/imagineme.ai\/de\/#\/schema\/logo\/image\/\"}}]}<\/script>\n<!-- \/ Yoast SEO plugin. -->","yoast_head_json":{"title":"Cookie Richtlinie - ImagineMe","description":"Erfahren Sie, wie wir Cookies verwenden, um Ihre Erfahrung zu optimieren, welche Cookies wir nutzen und wie Sie sie deaktivieren k\u00f6nnen.","robots":{"index":"index","follow":"follow","max-snippet":"max-snippet:-1","max-image-preview":"max-image-preview:large","max-video-preview":"max-video-preview:-1"},"canonical":"https:\/\/imagineme.ai\/de\/cookie-policy\/","og_locale":"de_DE","og_type":"article","og_title":"Cookie Richtlinie - ImagineMe","og_description":"Erfahren Sie, wie wir Cookies verwenden, um Ihre Erfahrung zu optimieren, welche Cookies wir nutzen und wie Sie sie deaktivieren k\u00f6nnen.","og_url":"https:\/\/imagineme.ai\/de\/cookie-policy\/","og_site_name":"ImagineMe","article_modified_time":"2024-12-10T19:54:38+00:00","twitter_card":"summary_large_image","twitter_misc":{"Gesch\u00e4tzte Lesezeit":"2\u00a0Minuten"},"schema":{"@context":"https:\/\/schema.org","@graph":[{"@type":"WebPage","@id":"https:\/\/imagineme.ai\/de\/cookie-policy\/","url":"https:\/\/imagineme.ai\/de\/cookie-policy\/","name":"Cookie Richtlinie - ImagineMe","isPartOf":{"@id":"https:\/\/imagineme.ai\/de\/#website"},"datePublished":"2023-01-19T11:58:26+00:00","dateModified":"2024-12-10T19:54:38+00:00","description":"Erfahren Sie, wie wir Cookies verwenden, um Ihre Erfahrung zu optimieren, welche Cookies wir nutzen und wie Sie sie deaktivieren k\u00f6nnen.","breadcrumb":{"@id":"https:\/\/imagineme.ai\/de\/cookie-policy\/#breadcrumb"},"inLanguage":"de","potentialAction":[{"@type":"ReadAction","target":["https:\/\/imagineme.ai\/de\/cookie-policy\/"]}]},{"@type":"BreadcrumbList","@id":"https:\/\/imagineme.ai\/de\/cookie-policy\/#breadcrumb","itemListElement":[{"@type":"ListItem","position":1,"name":"Home","item":"https:\/\/imagineme.ai\/de\/"},{"@type":"ListItem","position":2,"name":"Cookie Richtlinie"}]},{"@type":"WebSite","@id":"https:\/\/imagineme.ai\/de\/#website","url":"https:\/\/imagineme.ai\/de\/","name":"ImagineMe","description":"ImagineMe is a new AI system that lets you generate stunning art of yourself from a simple text description.","publisher":{"@id":"https:\/\/imagineme.ai\/de\/#organization"},"potentialAction":[{"@type":"SearchAction","target":{"@type":"EntryPoint","urlTemplate":"https:\/\/imagineme.ai\/de\/?s={search_term_string}"},"query-input":{"@type":"PropertyValueSpecification","valueRequired":true,"valueName":"search_term_string"}}],"inLanguage":"de"},{"@type":"Organization","@id":"https:\/\/imagineme.ai\/de\/#organization","name":"ImagineMe","url":"https:\/\/imagineme.ai\/de\/","logo":{"@type":"ImageObject","inLanguage":"de","@id":"https:\/\/imagineme.ai\/de\/#\/schema\/logo\/image\/","url":"https:\/\/imagineme-ai.b-cdn.net\/wp-content\/uploads\/2022\/11\/imagineme_logo_512.png","contentUrl":"https:\/\/imagineme-ai.b-cdn.net\/wp-content\/uploads\/2022\/11\/imagineme_logo_512.png","width":512,"height":512,"caption":"ImagineMe"},"image":{"@id":"https:\/\/imagineme.ai\/de\/#\/schema\/logo\/image\/"}}]}},"_links":{"self":[{"href":"https:\/\/imagineme.ai\/de\/wp-json\/wp\/v2\/pages\/117853","targetHints":{"allow":["GET"]}}],"collection":[{"href":"https:\/\/imagineme.ai\/de\/wp-json\/wp\/v2\/pages"}],"about":[{"href":"https:\/\/imagineme.ai\/de\/wp-json\/wp\/v2\/types\/page"}],"author":[{"embeddable":true,"href":"https:\/\/imagineme.ai\/de\/wp-json\/wp\/v2\/users\/1"}],"replies":[{"embeddable":true,"href":"https:\/\/imagineme.ai\/de\/wp-json\/wp\/v2\/comments?post=117853"}],"version-history":[{"count":4,"href":"https:\/\/imagineme.ai\/de\/wp-json\/wp\/v2\/pages\/117853\/revisions"}],"predecessor-version":[{"id":125107,"href":"https:\/\/imagineme.ai\/de\/wp-json\/wp\/v2\/pages\/117853\/revisions\/125107"}],"wp:attachment":[{"href":"https:\/\/imagineme.ai\/de\/wp-json\/wp\/v2\/media?parent=117853"}],"curies":[{"name":"wp","href":"https:\/\/api.w.org\/{rel}","templated":true}]}}