{"id":71034,"date":"2023-01-19T12:58:26","date_gmt":"2023-01-19T11:58:26","guid":{"rendered":"https:\/\/imagineme.ai\/politica-de-cookies\/"},"modified":"2024-12-10T23:06:51","modified_gmt":"2024-12-10T22:06:51","slug":"cookie-policy","status":"publish","type":"page","link":"https:\/\/imagineme.ai\/es\/cookie-policy\/","title":{"rendered":"Pol\u00edtica de cookies"},"content":{"rendered":"\t\t<div data-elementor-type=\"wp-page\" data-elementor-id=\"71034\" class=\"elementor elementor-71034 elementor-11314\" data-elementor-post-type=\"page\">\n\t\t\t\t\t\t<section class=\"elementor-section elementor-top-section elementor-element elementor-element-4fc5861 elementor-section-boxed elementor-section-height-default elementor-section-height-default\" data-id=\"4fc5861\" data-element_type=\"section\" data-e-type=\"section\">\n\t\t\t\t\t\t<div class=\"elementor-container elementor-column-gap-default\">\n\t\t\t\t\t<div class=\"elementor-column elementor-col-100 elementor-top-column elementor-element elementor-element-bde64d1\" data-id=\"bde64d1\" data-element_type=\"column\" data-e-type=\"column\">\n\t\t\t<div class=\"elementor-widget-wrap elementor-element-populated\">\n\t\t\t\t\t\t<div class=\"elementor-element elementor-element-4645829 elementor-widget elementor-widget-heading\" data-id=\"4645829\" data-element_type=\"widget\" data-e-type=\"widget\" data-widget_type=\"heading.default\">\n\t\t\t\t<div class=\"elementor-widget-container\">\n\t\t\t\t\t<h1 class=\"elementor-heading-title elementor-size-default\">Pol\u00edtica de cookies<\/h1>\t\t\t\t<\/div>\n\t\t\t\t<\/div>\n\t\t\t\t<div class=\"elementor-element elementor-element-e665108 elementor-widget elementor-widget-text-editor\" data-id=\"e665108\" data-element_type=\"widget\" data-e-type=\"widget\" data-widget_type=\"text-editor.default\">\n\t\t\t\t<div class=\"elementor-widget-container\">\n\t\t\t\t\t\t\t\t\t<p>Esta es la Pol\u00edtica de Cookies de ImagineMe.<\/p>\n\t\t\t\t\t\t\t\t<\/div>\n\t\t\t\t<\/div>\n\t\t\t\t<div class=\"elementor-element elementor-element-4685a5e elementor-widget elementor-widget-heading\" data-id=\"4685a5e\" data-element_type=\"widget\" data-e-type=\"widget\" data-widget_type=\"heading.default\">\n\t\t\t\t<div class=\"elementor-widget-container\">\n\t\t\t\t\t<h2 class=\"elementor-heading-title elementor-size-default\">\u00bfQu\u00e9 son las cookies?<\/h2>\t\t\t\t<\/div>\n\t\t\t\t<\/div>\n\t\t\t\t<div class=\"elementor-element elementor-element-274b799 elementor-widget elementor-widget-text-editor\" data-id=\"274b799\" data-element_type=\"widget\" data-e-type=\"widget\" data-widget_type=\"text-editor.default\">\n\t\t\t\t<div class=\"elementor-widget-container\">\n\t\t\t\t\t\t\t\t\t<p>Como es pr\u00e1ctica habitual en casi todos los sitios web profesionales, este sitio utiliza cookies, que son peque\u00f1os archivos que se descargan en tu ordenador, para mejorar tu experiencia.<br \/>\nEsta p\u00e1gina describe qu\u00e9 informaci\u00f3n recopilan, c\u00f3mo la utilizamos y por qu\u00e9 a veces necesitamos almacenar estas cookies.<br \/>\nTambi\u00e9n te diremos c\u00f3mo puedes evitar que se almacenen estas cookies, aunque esto puede degradar o &#8220;romper&#8221; ciertos elementos de la funcionalidad de los sitios.  <\/p>\n\t\t\t\t\t\t\t\t<\/div>\n\t\t\t\t<\/div>\n\t\t\t\t<div class=\"elementor-element elementor-element-f43af3c elementor-widget elementor-widget-heading\" data-id=\"f43af3c\" data-element_type=\"widget\" data-e-type=\"widget\" data-widget_type=\"heading.default\">\n\t\t\t\t<div class=\"elementor-widget-container\">\n\t\t\t\t\t<h2 class=\"elementor-heading-title elementor-size-default\">C\u00f3mo utilizamos las cookies<\/h2>\t\t\t\t<\/div>\n\t\t\t\t<\/div>\n\t\t\t\t<div class=\"elementor-element elementor-element-42bb15d elementor-widget elementor-widget-text-editor\" data-id=\"42bb15d\" data-element_type=\"widget\" data-e-type=\"widget\" data-widget_type=\"text-editor.default\">\n\t\t\t\t<div class=\"elementor-widget-container\">\n\t\t\t\t\t\t\t\t\t<p>Utilizamos cookies por diversas razones que se detallan a continuaci\u00f3n.<br \/>\nLamentablemente, en la mayor\u00eda de los casos no existen opciones est\u00e1ndar para desactivar las cookies sin desactivar por completo la funcionalidad y las caracter\u00edsticas que a\u00f1aden a este sitio.<br \/>\nSe recomienda que dejes activadas todas las cookies si no est\u00e1s seguro de si las necesitas o no en caso de que se utilicen para proporcionar un servicio que utilizas.  <\/p>\n\t\t\t\t\t\t\t\t<\/div>\n\t\t\t\t<\/div>\n\t\t\t\t<div class=\"elementor-element elementor-element-3f80500 elementor-widget elementor-widget-heading\" data-id=\"3f80500\" data-element_type=\"widget\" data-e-type=\"widget\" data-widget_type=\"heading.default\">\n\t\t\t\t<div class=\"elementor-widget-container\">\n\t\t\t\t\t<h2 class=\"elementor-heading-title elementor-size-default\">Desactivar las cookies<\/h2>\t\t\t\t<\/div>\n\t\t\t\t<\/div>\n\t\t\t\t<div class=\"elementor-element elementor-element-607c891 elementor-widget elementor-widget-text-editor\" data-id=\"607c891\" data-element_type=\"widget\" data-e-type=\"widget\" data-widget_type=\"text-editor.default\">\n\t\t\t\t<div class=\"elementor-widget-container\">\n\t\t\t\t\t\t\t\t\t<p>Puedes impedir la instalaci\u00f3n de cookies ajustando la configuraci\u00f3n de tu navegador (consulta la Ayuda de tu navegador para saber c\u00f3mo hacerlo).<br \/>\nTen en cuenta que desactivar las cookies afectar\u00e1 a la funcionalidad de \u00e9ste y de muchos otros sitios web que visites.<br \/>\nDeshabilitar las cookies normalmente implicar\u00e1 tambi\u00e9n deshabilitar ciertas funciones y caracter\u00edsticas del sitio.<br \/>\nPor lo tanto, se recomienda que no desactives las cookies.     <\/p>\n<p>Si quieres eliminar las cookies que ya se han almacenado, puedes hacerlo a trav\u00e9s de la pantalla de configuraci\u00f3n de tu navegador.<br \/>\nEl ajuste de estos par\u00e1metros difiere seg\u00fan el navegador.   <\/p>\n\t\t\t\t\t\t\t\t<\/div>\n\t\t\t\t<\/div>\n\t\t\t\t<div class=\"elementor-element elementor-element-2fb393f elementor-widget elementor-widget-heading\" data-id=\"2fb393f\" data-element_type=\"widget\" data-e-type=\"widget\" data-widget_type=\"heading.default\">\n\t\t\t\t<div class=\"elementor-widget-container\">\n\t\t\t\t\t<h2 class=\"elementor-heading-title elementor-size-default\">Las cookies que instalamos<\/h2>\t\t\t\t<\/div>\n\t\t\t\t<\/div>\n\t\t\t\t<div class=\"elementor-element elementor-element-15e9894 elementor-widget elementor-widget-text-editor\" data-id=\"15e9894\" data-element_type=\"widget\" data-e-type=\"widget\" data-widget_type=\"text-editor.default\">\n\t\t\t\t<div class=\"elementor-widget-container\">\n\t\t\t\t\t\t\t\t\t<p>Cookies relacionadas con la cuenta<br \/>Si creas una cuenta con nosotros, utilizaremos cookies para gestionar el proceso de registro y la administraci\u00f3n general. Por lo general, estas cookies se eliminan cuando cierras la sesi\u00f3n, aunque en algunos casos pueden permanecer despu\u00e9s para recordar tus preferencias del sitio cuando cierras la sesi\u00f3n.<\/p>\n<p>Cookies relacionadas con el procesamiento de pedidos<br \/>Este sitio ofrece servicios de comercio electr\u00f3nico o pagos, y algunas cookies son esenciales para garantizar que tu pedido se recuerde entre p\u00e1ginas para procesarlo correctamente.<\/p>\n\t\t\t\t\t\t\t\t<\/div>\n\t\t\t\t<\/div>\n\t\t\t\t<div class=\"elementor-element elementor-element-1d3cab6 elementor-widget elementor-widget-heading\" data-id=\"1d3cab6\" data-element_type=\"widget\" data-e-type=\"widget\" data-widget_type=\"heading.default\">\n\t\t\t\t<div class=\"elementor-widget-container\">\n\t\t\t\t\t<h2 class=\"elementor-heading-title elementor-size-default\">M\u00e1s informaci\u00f3n<\/h2>\t\t\t\t<\/div>\n\t\t\t\t<\/div>\n\t\t\t\t<div class=\"elementor-element elementor-element-8c01177 elementor-widget elementor-widget-text-editor\" data-id=\"8c01177\" data-element_type=\"widget\" data-e-type=\"widget\" data-widget_type=\"text-editor.default\">\n\t\t\t\t<div class=\"elementor-widget-container\">\n\t\t\t\t\t\t\t\t\t<p>Esperamos que esto te haya aclarado las cosas y, como se ha mencionado anteriormente, si hay algo que no est\u00e1s seguro de si necesitas o no, normalmente es m\u00e1s seguro dejar las cookies activadas por si interact\u00faan con alguna de las funciones que utilizas en nuestro sitio.  <\/p>\n<p>M\u00e1s informaci\u00f3n sobre las cookies en <a href=\"https:\/\/allaboutcookies.org\/\">https:\/\/allaboutcookies.org\/<\/a><\/p>\n<p>M\u00e1s informaci\u00f3n sobre c\u00f3mo tratamos tus datos en <a href=\"https:\/\/imagineme.ai\/es\/privacypolicy\/\">https:\/\/imagineme.ai\/privacypolicy\/<\/a><\/p>\n<p>No obstante, si sigues buscando m\u00e1s informaci\u00f3n, puedes ponerte en contacto con nosotros a trav\u00e9s de uno de nuestros m\u00e9todos de contacto preferidos:  <\/p>\n<p>Correo electr\u00f3nico: <a href=\"mailto:support@imagineme.ai\">support@imagineme.ai<\/a><\/p>\n\t\t\t\t\t\t\t\t<\/div>\n\t\t\t\t<\/div>\n\t\t\t\t\t<\/div>\n\t\t<\/div>\n\t\t\t\t\t<\/div>\n\t\t<\/section>\n\t\t\t\t<\/div>\n\t\t","protected":false},"excerpt":{"rendered":"<p>Pol\u00edtica de cookies Esta es la Pol\u00edtica de Cookies de ImagineMe. \u00bfQu\u00e9 son las cookies? Como es pr\u00e1ctica habitual en [&hellip;]<\/p>\n","protected":false},"author":1,"featured_media":0,"parent":0,"menu_order":0,"comment_status":"closed","ping_status":"closed","template":"","meta":{"site-sidebar-layout":"no-sidebar","site-content-layout":"page-builder","ast-site-content-layout":"full-width-container","site-content-style":"unboxed","site-sidebar-style":"unboxed","ast-global-header-display":"","ast-banner-title-visibility":"","ast-main-header-display":"","ast-hfb-above-header-display":"","ast-hfb-below-header-display":"","ast-hfb-mobile-header-display":"","site-post-title":"disabled","ast-breadcrumbs-content":"","ast-featured-img":"disabled","footer-sml-layout":"","ast-disable-related-posts":"","theme-transparent-header-meta":"","adv-header-id-meta":"","stick-header-meta":"","header-above-stick-meta":"","header-main-stick-meta":"","header-below-stick-meta":"","astra-migrate-meta-layouts":"default","ast-page-background-enabled":"default","ast-page-background-meta":{"desktop":{"background-color":"","background-image":"","background-repeat":"repeat","background-position":"center center","background-size":"auto","background-attachment":"scroll","background-type":"","background-media":"","overlay-type":"","overlay-color":"","overlay-opacity":"","overlay-gradient":""},"tablet":{"background-color":"","background-image":"","background-repeat":"repeat","background-position":"center center","background-size":"auto","background-attachment":"scroll","background-type":"","background-media":"","overlay-type":"","overlay-color":"","overlay-opacity":"","overlay-gradient":""},"mobile":{"background-color":"","background-image":"","background-repeat":"repeat","background-position":"center center","background-size":"auto","background-attachment":"scroll","background-type":"","background-media":"","overlay-type":"","overlay-color":"","overlay-opacity":"","overlay-gradient":""}},"ast-content-background-meta":{"desktop":{"background-color":"var(--ast-global-color-5)","background-image":"","background-repeat":"repeat","background-position":"center center","background-size":"auto","background-attachment":"scroll","background-type":"","background-media":"","overlay-type":"","overlay-color":"","overlay-opacity":"","overlay-gradient":""},"tablet":{"background-color":"var(--ast-global-color-5)","background-image":"","background-repeat":"repeat","background-position":"center center","background-size":"auto","background-attachment":"scroll","background-type":"","background-media":"","overlay-type":"","overlay-color":"","overlay-opacity":"","overlay-gradient":""},"mobile":{"background-color":"var(--ast-global-color-5)","background-image":"","background-repeat":"repeat","background-position":"center center","background-size":"auto","background-attachment":"scroll","background-type":"","background-media":"","overlay-type":"","overlay-color":"","overlay-opacity":"","overlay-gradient":""}},"im_meta_structure":"","footnotes":""},"class_list":["post-71034","page","type-page","status-publish","hentry"],"yoast_head":"<!-- This site is optimized with the Yoast SEO plugin v27.2 - https:\/\/yoast.com\/product\/yoast-seo-wordpress\/ -->\n<title>Pol\u00edtica de cookies - ImagineMe<\/title>\n<meta name=\"description\" content=\"Obt\u00e9n m\u00e1s informaci\u00f3n sobre c\u00f3mo utilizamos las cookies para optimizar tu experiencia de usuario. Qu\u00e9 tipos de cookies utilizamos y c\u00f3mo desactivarlas.\" \/>\n<meta name=\"robots\" content=\"index, follow, max-snippet:-1, max-image-preview:large, max-video-preview:-1\" \/>\n<link rel=\"canonical\" href=\"https:\/\/imagineme.ai\/es\/cookie-policy\/\" \/>\n<meta property=\"og:locale\" content=\"es_ES\" \/>\n<meta property=\"og:type\" content=\"article\" \/>\n<meta property=\"og:title\" content=\"Pol\u00edtica de cookies - ImagineMe\" \/>\n<meta property=\"og:description\" content=\"Obt\u00e9n m\u00e1s informaci\u00f3n sobre c\u00f3mo utilizamos las cookies para optimizar tu experiencia de usuario. Qu\u00e9 tipos de cookies utilizamos y c\u00f3mo desactivarlas.\" \/>\n<meta property=\"og:url\" content=\"https:\/\/imagineme.ai\/es\/cookie-policy\/\" \/>\n<meta property=\"og:site_name\" content=\"ImagineMe\" \/>\n<meta property=\"article:modified_time\" content=\"2024-12-10T22:06:51+00:00\" \/>\n<meta name=\"twitter:card\" content=\"summary_large_image\" \/>\n<meta name=\"twitter:label1\" content=\"Tiempo de lectura\" \/>\n\t<meta name=\"twitter:data1\" content=\"2 minutos\" \/>\n<script type=\"application\/ld+json\" class=\"yoast-schema-graph\">{\"@context\":\"https:\/\/schema.org\",\"@graph\":[{\"@type\":\"WebPage\",\"@id\":\"https:\/\/imagineme.ai\/es\/cookie-policy\/\",\"url\":\"https:\/\/imagineme.ai\/es\/cookie-policy\/\",\"name\":\"Pol\u00edtica de cookies - ImagineMe\",\"isPartOf\":{\"@id\":\"https:\/\/imagineme.ai\/es\/#website\"},\"datePublished\":\"2023-01-19T11:58:26+00:00\",\"dateModified\":\"2024-12-10T22:06:51+00:00\",\"description\":\"Obt\u00e9n m\u00e1s informaci\u00f3n sobre c\u00f3mo utilizamos las cookies para optimizar tu experiencia de usuario. Qu\u00e9 tipos de cookies utilizamos y c\u00f3mo desactivarlas.\",\"breadcrumb\":{\"@id\":\"https:\/\/imagineme.ai\/es\/cookie-policy\/#breadcrumb\"},\"inLanguage\":\"es\",\"potentialAction\":[{\"@type\":\"ReadAction\",\"target\":[\"https:\/\/imagineme.ai\/es\/cookie-policy\/\"]}]},{\"@type\":\"BreadcrumbList\",\"@id\":\"https:\/\/imagineme.ai\/es\/cookie-policy\/#breadcrumb\",\"itemListElement\":[{\"@type\":\"ListItem\",\"position\":1,\"name\":\"Home\",\"item\":\"https:\/\/imagineme.ai\/es\/\"},{\"@type\":\"ListItem\",\"position\":2,\"name\":\"Pol\u00edtica de cookies\"}]},{\"@type\":\"WebSite\",\"@id\":\"https:\/\/imagineme.ai\/es\/#website\",\"url\":\"https:\/\/imagineme.ai\/es\/\",\"name\":\"ImagineMe\",\"description\":\"ImagineMe is a new AI system that lets you generate stunning art of yourself from a simple text description.\",\"publisher\":{\"@id\":\"https:\/\/imagineme.ai\/es\/#organization\"},\"potentialAction\":[{\"@type\":\"SearchAction\",\"target\":{\"@type\":\"EntryPoint\",\"urlTemplate\":\"https:\/\/imagineme.ai\/es\/?s={search_term_string}\"},\"query-input\":{\"@type\":\"PropertyValueSpecification\",\"valueRequired\":true,\"valueName\":\"search_term_string\"}}],\"inLanguage\":\"es\"},{\"@type\":\"Organization\",\"@id\":\"https:\/\/imagineme.ai\/es\/#organization\",\"name\":\"ImagineMe\",\"url\":\"https:\/\/imagineme.ai\/es\/\",\"logo\":{\"@type\":\"ImageObject\",\"inLanguage\":\"es\",\"@id\":\"https:\/\/imagineme.ai\/es\/#\/schema\/logo\/image\/\",\"url\":\"https:\/\/imagineme-ai.b-cdn.net\/wp-content\/uploads\/2022\/11\/imagineme_logo_512.png\",\"contentUrl\":\"https:\/\/imagineme-ai.b-cdn.net\/wp-content\/uploads\/2022\/11\/imagineme_logo_512.png\",\"width\":512,\"height\":512,\"caption\":\"ImagineMe\"},\"image\":{\"@id\":\"https:\/\/imagineme.ai\/es\/#\/schema\/logo\/image\/\"}}]}<\/script>\n<!-- \/ Yoast SEO plugin. -->","yoast_head_json":{"title":"Pol\u00edtica de cookies - ImagineMe","description":"Obt\u00e9n m\u00e1s informaci\u00f3n sobre c\u00f3mo utilizamos las cookies para optimizar tu experiencia de usuario. Qu\u00e9 tipos de cookies utilizamos y c\u00f3mo desactivarlas.","robots":{"index":"index","follow":"follow","max-snippet":"max-snippet:-1","max-image-preview":"max-image-preview:large","max-video-preview":"max-video-preview:-1"},"canonical":"https:\/\/imagineme.ai\/es\/cookie-policy\/","og_locale":"es_ES","og_type":"article","og_title":"Pol\u00edtica de cookies - ImagineMe","og_description":"Obt\u00e9n m\u00e1s informaci\u00f3n sobre c\u00f3mo utilizamos las cookies para optimizar tu experiencia de usuario. Qu\u00e9 tipos de cookies utilizamos y c\u00f3mo desactivarlas.","og_url":"https:\/\/imagineme.ai\/es\/cookie-policy\/","og_site_name":"ImagineMe","article_modified_time":"2024-12-10T22:06:51+00:00","twitter_card":"summary_large_image","twitter_misc":{"Tiempo de lectura":"2 minutos"},"schema":{"@context":"https:\/\/schema.org","@graph":[{"@type":"WebPage","@id":"https:\/\/imagineme.ai\/es\/cookie-policy\/","url":"https:\/\/imagineme.ai\/es\/cookie-policy\/","name":"Pol\u00edtica de cookies - ImagineMe","isPartOf":{"@id":"https:\/\/imagineme.ai\/es\/#website"},"datePublished":"2023-01-19T11:58:26+00:00","dateModified":"2024-12-10T22:06:51+00:00","description":"Obt\u00e9n m\u00e1s informaci\u00f3n sobre c\u00f3mo utilizamos las cookies para optimizar tu experiencia de usuario. Qu\u00e9 tipos de cookies utilizamos y c\u00f3mo desactivarlas.","breadcrumb":{"@id":"https:\/\/imagineme.ai\/es\/cookie-policy\/#breadcrumb"},"inLanguage":"es","potentialAction":[{"@type":"ReadAction","target":["https:\/\/imagineme.ai\/es\/cookie-policy\/"]}]},{"@type":"BreadcrumbList","@id":"https:\/\/imagineme.ai\/es\/cookie-policy\/#breadcrumb","itemListElement":[{"@type":"ListItem","position":1,"name":"Home","item":"https:\/\/imagineme.ai\/es\/"},{"@type":"ListItem","position":2,"name":"Pol\u00edtica de cookies"}]},{"@type":"WebSite","@id":"https:\/\/imagineme.ai\/es\/#website","url":"https:\/\/imagineme.ai\/es\/","name":"ImagineMe","description":"ImagineMe is a new AI system that lets you generate stunning art of yourself from a simple text description.","publisher":{"@id":"https:\/\/imagineme.ai\/es\/#organization"},"potentialAction":[{"@type":"SearchAction","target":{"@type":"EntryPoint","urlTemplate":"https:\/\/imagineme.ai\/es\/?s={search_term_string}"},"query-input":{"@type":"PropertyValueSpecification","valueRequired":true,"valueName":"search_term_string"}}],"inLanguage":"es"},{"@type":"Organization","@id":"https:\/\/imagineme.ai\/es\/#organization","name":"ImagineMe","url":"https:\/\/imagineme.ai\/es\/","logo":{"@type":"ImageObject","inLanguage":"es","@id":"https:\/\/imagineme.ai\/es\/#\/schema\/logo\/image\/","url":"https:\/\/imagineme-ai.b-cdn.net\/wp-content\/uploads\/2022\/11\/imagineme_logo_512.png","contentUrl":"https:\/\/imagineme-ai.b-cdn.net\/wp-content\/uploads\/2022\/11\/imagineme_logo_512.png","width":512,"height":512,"caption":"ImagineMe"},"image":{"@id":"https:\/\/imagineme.ai\/es\/#\/schema\/logo\/image\/"}}]}},"_links":{"self":[{"href":"https:\/\/imagineme.ai\/es\/wp-json\/wp\/v2\/pages\/71034","targetHints":{"allow":["GET"]}}],"collection":[{"href":"https:\/\/imagineme.ai\/es\/wp-json\/wp\/v2\/pages"}],"about":[{"href":"https:\/\/imagineme.ai\/es\/wp-json\/wp\/v2\/types\/page"}],"author":[{"embeddable":true,"href":"https:\/\/imagineme.ai\/es\/wp-json\/wp\/v2\/users\/1"}],"replies":[{"embeddable":true,"href":"https:\/\/imagineme.ai\/es\/wp-json\/wp\/v2\/comments?post=71034"}],"version-history":[{"count":2,"href":"https:\/\/imagineme.ai\/es\/wp-json\/wp\/v2\/pages\/71034\/revisions"}],"predecessor-version":[{"id":125255,"href":"https:\/\/imagineme.ai\/es\/wp-json\/wp\/v2\/pages\/71034\/revisions\/125255"}],"wp:attachment":[{"href":"https:\/\/imagineme.ai\/es\/wp-json\/wp\/v2\/media?parent=71034"}],"curies":[{"name":"wp","href":"https:\/\/api.w.org\/{rel}","templated":true}]}}