{"id":73669,"date":"2026-03-18T22:38:10","date_gmt":"2026-03-18T21:38:10","guid":{"rendered":"https:\/\/imagineme.ai\/affiliate-terms-of-use\/"},"modified":"2026-03-18T22:38:12","modified_gmt":"2026-03-18T21:38:12","slug":"affiliate-terms-of-use","status":"publish","type":"page","link":"https:\/\/imagineme.ai\/es\/affiliate-terms-of-use\/","title":{"rendered":"Condiciones de uso para afiliados"},"content":{"rendered":"\t\t<div data-elementor-type=\"wp-page\" data-elementor-id=\"73669\" class=\"elementor elementor-73669 elementor-72243\" data-elementor-post-type=\"page\">\n\t\t\t\t\t\t<section class=\"elementor-section elementor-top-section elementor-element elementor-element-39a1cec elementor-section-boxed elementor-section-height-default elementor-section-height-default\" data-id=\"39a1cec\" data-element_type=\"section\" data-e-type=\"section\">\n\t\t\t\t\t\t<div class=\"elementor-container elementor-column-gap-default\">\n\t\t\t\t\t<div class=\"elementor-column elementor-col-100 elementor-top-column elementor-element elementor-element-602fe304\" data-id=\"602fe304\" data-element_type=\"column\" data-e-type=\"column\">\n\t\t\t<div class=\"elementor-widget-wrap elementor-element-populated\">\n\t\t\t\t\t\t<div class=\"elementor-element elementor-element-18989feb elementor-widget elementor-widget-text-editor\" data-id=\"18989feb\" data-element_type=\"widget\" data-e-type=\"widget\" data-widget_type=\"text-editor.default\">\n\t\t\t\t<div class=\"elementor-widget-container\">\n\t\t\t\t\t\t\t\t\t\n<h2>Condiciones de uso para afiliados<\/h2>\n<p><em>\u00daltima actualizaci\u00f3n: 27 de junio de 2024<\/em><\/p>\n<p>Como afiliado autorizado (Afiliado) de ImagineMe, aceptas cumplir los t\u00e9rminos y condiciones contenidos en el presente Contrato (Contrato). Lee atentamente todo el Contrato antes de registrarte y promocionar ImagineMe como afiliado.<\/p>\n\n<p>Tu participaci\u00f3n en el Programa tiene como \u00fanico fin publicitar legalmente nuestro sitio web para recibir una comisi\u00f3n por las afiliaciones y productos adquiridos por personas remitidas a ImagineMe por tu propio sitio web o por referencias personales.<\/p>\n\n<p>Al inscribirte en el Programa de Afiliaci\u00f3n de ImagineMe (Programa), indicas que aceptas este Contrato y sus t\u00e9rminos y condiciones.<\/p>\n<p> <\/p>\n\n<h3 id=\"approval-or-rejection\" class=\"wp-block-heading\">Aprobaci\u00f3n o rechazo de la solicitud<\/h3>\n\n<p>Nos reservamos el derecho de aprobar o rechazar CUALQUIER Solicitud de Programa de Afiliaci\u00f3n a nuestra \u00fanica y absoluta discreci\u00f3n. No tendr\u00e1s ning\u00fan recurso legal contra nosotros por el rechazo de tu Solicitud de Programa de Afiliaci\u00f3n.<\/p>\n<p> <\/p>\n\n<h3 id=\"commissions\" class=\"wp-block-heading\">Comisiones<\/h3>\n\n<p>Las comisiones se pagar\u00e1n una vez al mes. Para que un afiliado reciba una comisi\u00f3n, la cuenta referida debe permanecer activa durante un m\u00ednimo de 31 d\u00edas.<\/p>\n\n<p>No puedes recomendarte a ti mismo, y no recibir\u00e1s ninguna comisi\u00f3n por tus propias cuentas.<\/p>\n\n<p>Los pagos s\u00f3lo se enviar\u00e1n por las transacciones que se hayan completado con \u00e9xito. No se abonar\u00e1n las transacciones que den lugar a devoluciones o reembolsos.<\/p>\n<p> <\/p>\n\n<h3 id=\"termination\" class=\"wp-block-heading\">Terminaci\u00f3n<\/h3>\n\n<p>Tu solicitud de afiliaci\u00f3n y tu estatus en el Programa pueden ser suspendidos o cancelados por cualquiera de las siguientes razones:<\/p>\n\n<ul>\n<li>Anuncios inapropiados (afirmaciones falsas, hiperv\u00ednculos enga\u00f1osos, etc.).<\/li>\n\n<li>Spamming (correo electr\u00f3nico masivo, publicaci\u00f3n masiva en grupos de noticias, etc.).<\/li>\n\n<li>Publicidad en sitios que contengan o promuevan actividades ilegales.<\/li>\n\n<li>No revelar la relaci\u00f3n de afiliaci\u00f3n para cualquier promoci\u00f3n que pueda calificarse como promoci\u00f3n seg\u00fan las directrices y reglamentos vigentes de la Comisi\u00f3n Federal de Comercio o cualquier ley estatal aplicable.<\/li>\n\n<li>Violaci\u00f3n de los derechos de propiedad intelectual. ImagineMe se reserva el derecho a exigir acuerdos de licencia a quienes empleen marcas comerciales de ImagineMe con el fin de proteger nuestros derechos de propiedad intelectual.<\/li>\n\n<li>Ofrecer reembolsos, cupones u otra forma de devoluci\u00f3n prometida de tu comisi\u00f3n de afiliado como incentivo. Sin embargo, es aceptable a\u00f1adir bonificaciones o agrupar otros productos con ImagineMe.<\/li>\n\n<li>Auto-referencias, transacciones fraudulentas, sospecha de fraude de afiliaci\u00f3n.<\/li>\n<\/ul>\n\n<p>Adem\u00e1s de lo anterior, ImagineMe se reserva el derecho a cancelar cualquier cuenta de Afiliado en cualquier momento, por cualquier infracci\u00f3n del presente Contrato o sin motivo alguno.<\/p>\n<p> <\/p>\n\n<h3 id=\"affiliate-links\" class=\"wp-block-heading\">Enlaces afiliados<\/h3>\n\n<p>Puedes utilizar enlaces gr\u00e1ficos y de texto tanto en tu sitio web como en tus mensajes de correo electr\u00f3nico. Tambi\u00e9n puedes anunciar el sitio ImagineMe en anuncios clasificados online y offline, revistas y peri\u00f3dicos.<\/p>\n\n<p>Puedes utilizar los gr\u00e1ficos y textos proporcionados por nosotros, o puedes crear los tuyos propios siempre que se consideren apropiados de acuerdo con las condiciones y no infrinjan lo indicado en la secci\u00f3n Terminaci\u00f3n.<\/p>\n<p> <\/p>\n\n<h3 id=\"coupon-and-deal-sites\" class=\"wp-block-heading\">Sitios de cupones y ofertas<\/h3>\n\n<p>ImagineMe ofrece ocasionalmente cupones a determinados afiliados y a nuestros suscriptores del bolet\u00edn de noticias. Si no est\u00e1s pre-aprobado \/ asignado a un cup\u00f3n de marca, entonces no se te permite promocionar el cup\u00f3n. A continuaci\u00f3n se exponen las condiciones que se aplican a cualquier afiliado que est\u00e9 considerando la promoci\u00f3n de nuestros productos en relaci\u00f3n con una oferta o cup\u00f3n:<\/p>\n\n<ul>\n<li>Los afiliados no pueden utilizar texto enga\u00f1oso en los enlaces, botones o im\u00e1genes de afiliaci\u00f3n para dar a entender que algo distinto de las ofertas actualmente autorizadas se dirige al afiliado concreto.<\/li>\n\n<li>Los afiliados no pueden pujar por Cupones ImagineMe, Descuentos ImagineMe u otras frases que impliquen que hay cupones disponibles.<\/li>\n\n<li>Los afiliados no pueden generar ventanas emergentes, pop-unders, iframes, marcos o cualquier otra acci\u00f3n vista o no vista que establezca cookies de afiliado, a menos que el usuario haya expresado un inter\u00e9s claro y expl\u00edcito en activar un ahorro espec\u00edfico haciendo clic en un enlace, bot\u00f3n o imagen claramente marcados para ese cup\u00f3n u oferta en particular. Tu enlace debe enviar al visitante al sitio del comerciante.<\/li>\n\n<li>El usuario debe poder ver la informaci\u00f3n y los detalles del cup\u00f3n\/oferta\/ahorro antes de que se establezca una cookie de afiliado (es decir, NO est\u00e1 permitido &#8220;haz clic aqu\u00ed para ver los cupones y abrir una ventana al sitio del comerciante&#8221;).<\/li>\n\n<li>Los sitios afiliados no pueden tener &#8220;Haz clic para (o para ver) Oferta\/Cup\u00f3n&#8221; o cualquier variaci\u00f3n, cuando no hay cupones u ofertas disponibles, y el clic abre el sitio del comerciante o establece una cookie. Los afiliados con dicho texto en la p\u00e1gina de aterrizaje del comerciante ser\u00e1n eliminados del programa inmediatamente.<\/li>\n<\/ul>\n<p> <\/p>\n\n<h3 id=\"ppc-policy\" class=\"wp-block-heading\">Pol\u00edtica de pago por clic (PPC)<\/h3>\n\n<p>Las pujas PPC NO est\u00e1n permitidas sin autorizaci\u00f3n previa por escrito.<\/p>\n<p> <\/p>\n\n<h3 id=\"liability\" class=\"wp-block-heading\">Responsabilidad<\/h3>\n\n<p>ImagineMe no ser\u00e1 responsable de los da\u00f1os indirectos o accidentales (p\u00e9rdida de ingresos, comisiones) debidos a fallos en el seguimiento de afiliados, p\u00e9rdida de archivos de bases de datos, o cualquier resultado de intentos de da\u00f1o al Programa y\/o a nuestro(s) sitio(s) web.<\/p>\n\n<p>No ofrecemos ninguna garant\u00eda expresa o impl\u00edcita con respecto al Programa y\/o a las afiliaciones o productos vendidos por ImagineMe. No afirmamos que el funcionamiento del Programa y\/o de nuestro(s) sitio(s) web est\u00e9 libre de errores y no seremos responsables de ninguna interrupci\u00f3n o error.<\/p>\n<p> <\/p>\n\n<h3 id=\"term-of-agreement\" class=\"wp-block-heading\">Plazo del Acuerdo<\/h3>\n\n<p>La vigencia de este Acuerdo comienza en el momento de tu aceptaci\u00f3n en el Programa y finalizar\u00e1 cuando se cancele tu cuenta de Afiliado.<\/p>\n\n<p>Los t\u00e9rminos y condiciones de este acuerdo pueden ser modificados por nosotros en cualquier momento. Si cualquier modificaci\u00f3n de los t\u00e9rminos y condiciones de este Contrato es inaceptable para ti, tu \u00fanica opci\u00f3n es cancelar tu cuenta de Afiliado. Tu participaci\u00f3n continuada en el Programa constituir\u00e1 tu aceptaci\u00f3n de cualquier cambio.<\/p>\n<p> <\/p>\n\n<h3 id=\"indemnification\" class=\"wp-block-heading\">Indemnizaci\u00f3n<\/h3>\n\n<p>El Afiliado indemnizar\u00e1 y mantendr\u00e1 indemne a ImagineMe y a sus empresas afiliadas y subsidiarias, funcionarios, directores, empleados, licenciatarios, sucesores y cesionarios, incluidos aquellos con licencia o autorizaci\u00f3n de ImagineMe para transmitir y distribuir materiales, de toda responsabilidad, da\u00f1o, multa, sentencia, reclamo, costo, p\u00e9rdida y gasto (incluidos honorarios y costos legales razonables) que surjan o est\u00e9n relacionados con todo reclamo que se presente en relaci\u00f3n con el presente Contrato debido a negligencia, declaraci\u00f3n falsa, omisi\u00f3n de divulgaci\u00f3n o conducta indebida intencional del Afiliado.<\/p>\n<p> <\/p>\n\n<h3 id=\"electronic-signatures-effective\" class=\"wp-block-heading\">Firma electr\u00f3nica efectiva<\/h3>\n\n<p class=\"has-small-font-size\">El Contrato es un contrato electr\u00f3nico que establece las condiciones jur\u00eddicamente vinculantes de tu participaci\u00f3n en el programa de afiliados de ImagineMe. Al completar el proceso de solicitud de ImagineMe, indicas que aceptas este Contrato y todas las condiciones que contiene o a las que hace referencia. Esta acci\u00f3n crea una firma electr\u00f3nica que tiene la misma fuerza y efecto legales que una firma manuscrita.<\/p>\n<p> <\/p>\n\t\t\t\t\t\t\t\t<\/div>\n\t\t\t\t<\/div>\n\t\t\t\t\t<\/div>\n\t\t<\/div>\n\t\t\t\t\t<\/div>\n\t\t<\/section>\n\t\t\t\t<\/div>\n\t\t","protected":false},"excerpt":{"rendered":"<p>Condiciones de uso para afiliados \u00daltima actualizaci\u00f3n: 27 de junio de 2024 Como afiliado autorizado (Afiliado) de ImagineMe, aceptas cumplir [&hellip;]<\/p>\n","protected":false},"author":146636,"featured_media":10926,"parent":0,"menu_order":0,"comment_status":"closed","ping_status":"closed","template":"","meta":{"site-sidebar-layout":"default","site-content-layout":"","ast-site-content-layout":"default","site-content-style":"default","site-sidebar-style":"default","ast-global-header-display":"","ast-banner-title-visibility":"","ast-main-header-display":"","ast-hfb-above-header-display":"","ast-hfb-below-header-display":"","ast-hfb-mobile-header-display":"","site-post-title":"","ast-breadcrumbs-content":"","ast-featured-img":"","footer-sml-layout":"","ast-disable-related-posts":"","theme-transparent-header-meta":"","adv-header-id-meta":"","stick-header-meta":"","header-above-stick-meta":"","header-main-stick-meta":"","header-below-stick-meta":"","astra-migrate-meta-layouts":"default","ast-page-background-enabled":"default","ast-page-background-meta":{"desktop":{"background-color":"","background-image":"","background-repeat":"repeat","background-position":"center center","background-size":"auto","background-attachment":"scroll","background-type":"","background-media":"","overlay-type":"","overlay-color":"","overlay-opacity":"","overlay-gradient":""},"tablet":{"background-color":"","background-image":"","background-repeat":"repeat","background-position":"center center","background-size":"auto","background-attachment":"scroll","background-type":"","background-media":"","overlay-type":"","overlay-color":"","overlay-opacity":"","overlay-gradient":""},"mobile":{"background-color":"","background-image":"","background-repeat":"repeat","background-position":"center center","background-size":"auto","background-attachment":"scroll","background-type":"","background-media":"","overlay-type":"","overlay-color":"","overlay-opacity":"","overlay-gradient":""}},"ast-content-background-meta":{"desktop":{"background-color":"var(--ast-global-color-5)","background-image":"","background-repeat":"repeat","background-position":"center center","background-size":"auto","background-attachment":"scroll","background-type":"","background-media":"","overlay-type":"","overlay-color":"","overlay-opacity":"","overlay-gradient":""},"tablet":{"background-color":"var(--ast-global-color-5)","background-image":"","background-repeat":"repeat","background-position":"center center","background-size":"auto","background-attachment":"scroll","background-type":"","background-media":"","overlay-type":"","overlay-color":"","overlay-opacity":"","overlay-gradient":""},"mobile":{"background-color":"var(--ast-global-color-5)","background-image":"","background-repeat":"repeat","background-position":"center center","background-size":"auto","background-attachment":"scroll","background-type":"","background-media":"","overlay-type":"","overlay-color":"","overlay-opacity":"","overlay-gradient":""}},"im_meta_structure":"","footnotes":""},"class_list":["post-73669","page","type-page","status-publish","has-post-thumbnail","hentry"],"yoast_head":"<!-- This site is optimized with the Yoast SEO plugin v27.2 - https:\/\/yoast.com\/product\/yoast-seo-wordpress\/ -->\n<title>Condiciones de uso para afiliados - ImagineMe<\/title>\n<meta name=\"description\" content=\"Condiciones de uso del programa de afiliados de ImagineMe.\" \/>\n<meta name=\"robots\" content=\"index, follow, max-snippet:-1, max-image-preview:large, max-video-preview:-1\" \/>\n<link rel=\"canonical\" href=\"https:\/\/imagineme.ai\/es\/affiliate-terms-of-use\/\" \/>\n<meta property=\"og:locale\" content=\"es_ES\" \/>\n<meta property=\"og:type\" content=\"article\" \/>\n<meta property=\"og:title\" content=\"Condiciones de uso para afiliados - ImagineMe\" \/>\n<meta property=\"og:description\" content=\"Condiciones de uso del programa de afiliados de ImagineMe.\" \/>\n<meta property=\"og:url\" content=\"https:\/\/imagineme.ai\/es\/affiliate-terms-of-use\/\" \/>\n<meta property=\"og:site_name\" content=\"ImagineMe\" \/>\n<meta property=\"article:modified_time\" content=\"2026-03-18T21:38:12+00:00\" \/>\n<meta property=\"og:image\" content=\"https:\/\/imagineme.ai\/wp-content\/uploads\/2023\/01\/ImagineMe-Logo-Black-with-White-text-orange-dot.png\" \/>\n\t<meta property=\"og:image:width\" content=\"2245\" \/>\n\t<meta property=\"og:image:height\" content=\"2245\" \/>\n\t<meta property=\"og:image:type\" content=\"image\/png\" \/>\n<meta name=\"twitter:card\" content=\"summary_large_image\" \/>\n<meta name=\"twitter:label1\" content=\"Tiempo de lectura\" \/>\n\t<meta name=\"twitter:data1\" content=\"6 minutos\" \/>\n<script type=\"application\/ld+json\" class=\"yoast-schema-graph\">{\"@context\":\"https:\/\/schema.org\",\"@graph\":[{\"@type\":\"WebPage\",\"@id\":\"https:\/\/imagineme.ai\/es\/affiliate-terms-of-use\/\",\"url\":\"https:\/\/imagineme.ai\/es\/affiliate-terms-of-use\/\",\"name\":\"Condiciones de uso para afiliados - ImagineMe\",\"isPartOf\":{\"@id\":\"https:\/\/imagineme.ai\/es\/#website\"},\"primaryImageOfPage\":{\"@id\":\"https:\/\/imagineme.ai\/es\/affiliate-terms-of-use\/#primaryimage\"},\"image\":{\"@id\":\"https:\/\/imagineme.ai\/es\/affiliate-terms-of-use\/#primaryimage\"},\"thumbnailUrl\":\"https:\/\/imagineme-ai.b-cdn.net\/wp-content\/uploads\/2023\/01\/ImagineMe-Logo-Black-with-White-text-orange-dot.png\",\"datePublished\":\"2026-03-18T21:38:10+00:00\",\"dateModified\":\"2026-03-18T21:38:12+00:00\",\"description\":\"Condiciones de uso del programa de afiliados de ImagineMe.\",\"breadcrumb\":{\"@id\":\"https:\/\/imagineme.ai\/es\/affiliate-terms-of-use\/#breadcrumb\"},\"inLanguage\":\"es\",\"potentialAction\":[{\"@type\":\"ReadAction\",\"target\":[\"https:\/\/imagineme.ai\/es\/affiliate-terms-of-use\/\"]}]},{\"@type\":\"ImageObject\",\"inLanguage\":\"es\",\"@id\":\"https:\/\/imagineme.ai\/es\/affiliate-terms-of-use\/#primaryimage\",\"url\":\"https:\/\/imagineme-ai.b-cdn.net\/wp-content\/uploads\/2023\/01\/ImagineMe-Logo-Black-with-White-text-orange-dot.png\",\"contentUrl\":\"https:\/\/imagineme-ai.b-cdn.net\/wp-content\/uploads\/2023\/01\/ImagineMe-Logo-Black-with-White-text-orange-dot.png\",\"width\":2245,\"height\":2245},{\"@type\":\"BreadcrumbList\",\"@id\":\"https:\/\/imagineme.ai\/es\/affiliate-terms-of-use\/#breadcrumb\",\"itemListElement\":[{\"@type\":\"ListItem\",\"position\":1,\"name\":\"Home\",\"item\":\"https:\/\/imagineme.ai\/es\/\"},{\"@type\":\"ListItem\",\"position\":2,\"name\":\"Condiciones de uso para afiliados\"}]},{\"@type\":\"WebSite\",\"@id\":\"https:\/\/imagineme.ai\/es\/#website\",\"url\":\"https:\/\/imagineme.ai\/es\/\",\"name\":\"ImagineMe\",\"description\":\"ImagineMe is a new AI system that lets you generate stunning art of yourself from a simple text description.\",\"publisher\":{\"@id\":\"https:\/\/imagineme.ai\/es\/#organization\"},\"potentialAction\":[{\"@type\":\"SearchAction\",\"target\":{\"@type\":\"EntryPoint\",\"urlTemplate\":\"https:\/\/imagineme.ai\/es\/?s={search_term_string}\"},\"query-input\":{\"@type\":\"PropertyValueSpecification\",\"valueRequired\":true,\"valueName\":\"search_term_string\"}}],\"inLanguage\":\"es\"},{\"@type\":\"Organization\",\"@id\":\"https:\/\/imagineme.ai\/es\/#organization\",\"name\":\"ImagineMe\",\"url\":\"https:\/\/imagineme.ai\/es\/\",\"logo\":{\"@type\":\"ImageObject\",\"inLanguage\":\"es\",\"@id\":\"https:\/\/imagineme.ai\/es\/#\/schema\/logo\/image\/\",\"url\":\"https:\/\/imagineme-ai.b-cdn.net\/wp-content\/uploads\/2022\/11\/imagineme_logo_512.png\",\"contentUrl\":\"https:\/\/imagineme-ai.b-cdn.net\/wp-content\/uploads\/2022\/11\/imagineme_logo_512.png\",\"width\":512,\"height\":512,\"caption\":\"ImagineMe\"},\"image\":{\"@id\":\"https:\/\/imagineme.ai\/es\/#\/schema\/logo\/image\/\"}}]}<\/script>\n<!-- \/ Yoast SEO plugin. -->","yoast_head_json":{"title":"Condiciones de uso para afiliados - ImagineMe","description":"Condiciones de uso del programa de afiliados de ImagineMe.","robots":{"index":"index","follow":"follow","max-snippet":"max-snippet:-1","max-image-preview":"max-image-preview:large","max-video-preview":"max-video-preview:-1"},"canonical":"https:\/\/imagineme.ai\/es\/affiliate-terms-of-use\/","og_locale":"es_ES","og_type":"article","og_title":"Condiciones de uso para afiliados - ImagineMe","og_description":"Condiciones de uso del programa de afiliados de ImagineMe.","og_url":"https:\/\/imagineme.ai\/es\/affiliate-terms-of-use\/","og_site_name":"ImagineMe","article_modified_time":"2026-03-18T21:38:12+00:00","og_image":[{"width":2245,"height":2245,"url":"https:\/\/imagineme.ai\/wp-content\/uploads\/2023\/01\/ImagineMe-Logo-Black-with-White-text-orange-dot.png","type":"image\/png"}],"twitter_card":"summary_large_image","twitter_misc":{"Tiempo de lectura":"6 minutos"},"schema":{"@context":"https:\/\/schema.org","@graph":[{"@type":"WebPage","@id":"https:\/\/imagineme.ai\/es\/affiliate-terms-of-use\/","url":"https:\/\/imagineme.ai\/es\/affiliate-terms-of-use\/","name":"Condiciones de uso para afiliados - ImagineMe","isPartOf":{"@id":"https:\/\/imagineme.ai\/es\/#website"},"primaryImageOfPage":{"@id":"https:\/\/imagineme.ai\/es\/affiliate-terms-of-use\/#primaryimage"},"image":{"@id":"https:\/\/imagineme.ai\/es\/affiliate-terms-of-use\/#primaryimage"},"thumbnailUrl":"https:\/\/imagineme-ai.b-cdn.net\/wp-content\/uploads\/2023\/01\/ImagineMe-Logo-Black-with-White-text-orange-dot.png","datePublished":"2026-03-18T21:38:10+00:00","dateModified":"2026-03-18T21:38:12+00:00","description":"Condiciones de uso del programa de afiliados de ImagineMe.","breadcrumb":{"@id":"https:\/\/imagineme.ai\/es\/affiliate-terms-of-use\/#breadcrumb"},"inLanguage":"es","potentialAction":[{"@type":"ReadAction","target":["https:\/\/imagineme.ai\/es\/affiliate-terms-of-use\/"]}]},{"@type":"ImageObject","inLanguage":"es","@id":"https:\/\/imagineme.ai\/es\/affiliate-terms-of-use\/#primaryimage","url":"https:\/\/imagineme-ai.b-cdn.net\/wp-content\/uploads\/2023\/01\/ImagineMe-Logo-Black-with-White-text-orange-dot.png","contentUrl":"https:\/\/imagineme-ai.b-cdn.net\/wp-content\/uploads\/2023\/01\/ImagineMe-Logo-Black-with-White-text-orange-dot.png","width":2245,"height":2245},{"@type":"BreadcrumbList","@id":"https:\/\/imagineme.ai\/es\/affiliate-terms-of-use\/#breadcrumb","itemListElement":[{"@type":"ListItem","position":1,"name":"Home","item":"https:\/\/imagineme.ai\/es\/"},{"@type":"ListItem","position":2,"name":"Condiciones de uso para afiliados"}]},{"@type":"WebSite","@id":"https:\/\/imagineme.ai\/es\/#website","url":"https:\/\/imagineme.ai\/es\/","name":"ImagineMe","description":"ImagineMe is a new AI system that lets you generate stunning art of yourself from a simple text description.","publisher":{"@id":"https:\/\/imagineme.ai\/es\/#organization"},"potentialAction":[{"@type":"SearchAction","target":{"@type":"EntryPoint","urlTemplate":"https:\/\/imagineme.ai\/es\/?s={search_term_string}"},"query-input":{"@type":"PropertyValueSpecification","valueRequired":true,"valueName":"search_term_string"}}],"inLanguage":"es"},{"@type":"Organization","@id":"https:\/\/imagineme.ai\/es\/#organization","name":"ImagineMe","url":"https:\/\/imagineme.ai\/es\/","logo":{"@type":"ImageObject","inLanguage":"es","@id":"https:\/\/imagineme.ai\/es\/#\/schema\/logo\/image\/","url":"https:\/\/imagineme-ai.b-cdn.net\/wp-content\/uploads\/2022\/11\/imagineme_logo_512.png","contentUrl":"https:\/\/imagineme-ai.b-cdn.net\/wp-content\/uploads\/2022\/11\/imagineme_logo_512.png","width":512,"height":512,"caption":"ImagineMe"},"image":{"@id":"https:\/\/imagineme.ai\/es\/#\/schema\/logo\/image\/"}}]}},"_links":{"self":[{"href":"https:\/\/imagineme.ai\/es\/wp-json\/wp\/v2\/pages\/73669","targetHints":{"allow":["GET"]}}],"collection":[{"href":"https:\/\/imagineme.ai\/es\/wp-json\/wp\/v2\/pages"}],"about":[{"href":"https:\/\/imagineme.ai\/es\/wp-json\/wp\/v2\/types\/page"}],"author":[{"embeddable":true,"href":"https:\/\/imagineme.ai\/es\/wp-json\/wp\/v2\/users\/146636"}],"replies":[{"embeddable":true,"href":"https:\/\/imagineme.ai\/es\/wp-json\/wp\/v2\/comments?post=73669"}],"version-history":[{"count":1,"href":"https:\/\/imagineme.ai\/es\/wp-json\/wp\/v2\/pages\/73669\/revisions"}],"predecessor-version":[{"id":285786,"href":"https:\/\/imagineme.ai\/es\/wp-json\/wp\/v2\/pages\/73669\/revisions\/285786"}],"wp:featuredmedia":[{"embeddable":true,"href":"https:\/\/imagineme.ai\/es\/wp-json\/wp\/v2\/media\/10926"}],"wp:attachment":[{"href":"https:\/\/imagineme.ai\/es\/wp-json\/wp\/v2\/media?parent=73669"}],"curies":[{"name":"wp","href":"https:\/\/api.w.org\/{rel}","templated":true}]}}