{"id":188052,"date":"2024-09-16T01:11:30","date_gmt":"2024-09-15T23:11:30","guid":{"rendered":"https:\/\/imagineme.ai\/design-product\/"},"modified":"2025-02-17T12:31:52","modified_gmt":"2025-02-17T11:31:52","slug":"design-product","status":"publish","type":"page","link":"https:\/\/imagineme.ai\/fr\/design-product\/","title":{"rendered":"Cr\u00e9er un produit"},"content":{"rendered":"<p>[my_design_product_test_code]<\/p>\n\n\n<p>[my_import_gallery_code]<\/p>\n\n\n<p>[my_design_product_test_func_code]<\/p>\n","protected":false},"excerpt":{"rendered":"","protected":false},"author":1,"featured_media":0,"parent":0,"menu_order":0,"comment_status":"closed","ping_status":"closed","template":"","meta":{"site-sidebar-layout":"default","site-content-layout":"","ast-site-content-layout":"default","site-content-style":"default","site-sidebar-style":"default","ast-global-header-display":"","ast-banner-title-visibility":"","ast-main-header-display":"","ast-hfb-above-header-display":"","ast-hfb-below-header-display":"","ast-hfb-mobile-header-display":"","site-post-title":"disabled","ast-breadcrumbs-content":"","ast-featured-img":"","footer-sml-layout":"","ast-disable-related-posts":"","theme-transparent-header-meta":"","adv-header-id-meta":"","stick-header-meta":"","header-above-stick-meta":"","header-main-stick-meta":"","header-below-stick-meta":"","astra-migrate-meta-layouts":"default","ast-page-background-enabled":"default","ast-page-background-meta":{"desktop":{"background-color":"","background-image":"","background-repeat":"repeat","background-position":"center center","background-size":"auto","background-attachment":"scroll","background-type":"","background-media":"","overlay-type":"","overlay-color":"","overlay-opacity":"","overlay-gradient":""},"tablet":{"background-color":"","background-image":"","background-repeat":"repeat","background-position":"center center","background-size":"auto","background-attachment":"scroll","background-type":"","background-media":"","overlay-type":"","overlay-color":"","overlay-opacity":"","overlay-gradient":""},"mobile":{"background-color":"","background-image":"","background-repeat":"repeat","background-position":"center center","background-size":"auto","background-attachment":"scroll","background-type":"","background-media":"","overlay-type":"","overlay-color":"","overlay-opacity":"","overlay-gradient":""}},"ast-content-background-meta":{"desktop":{"background-color":"var(--ast-global-color-5)","background-image":"","background-repeat":"repeat","background-position":"center center","background-size":"auto","background-attachment":"scroll","background-type":"","background-media":"","overlay-type":"","overlay-color":"","overlay-opacity":"","overlay-gradient":""},"tablet":{"background-color":"var(--ast-global-color-5)","background-image":"","background-repeat":"repeat","background-position":"center center","background-size":"auto","background-attachment":"scroll","background-type":"","background-media":"","overlay-type":"","overlay-color":"","overlay-opacity":"","overlay-gradient":""},"mobile":{"background-color":"var(--ast-global-color-5)","background-image":"","background-repeat":"repeat","background-position":"center center","background-size":"auto","background-attachment":"scroll","background-type":"","background-media":"","overlay-type":"","overlay-color":"","overlay-opacity":"","overlay-gradient":""}},"im_meta_structure":"","footnotes":""},"class_list":["post-188052","page","type-page","status-publish","hentry"],"yoast_head":"<!-- This site is optimized with the Yoast SEO plugin v27.5 - https:\/\/yoast.com\/product\/yoast-seo-wordpress\/ -->\n<title>Cr\u00e9ez vos propres produits personnalis\u00e9s - ImagineMe<\/title>\n<meta name=\"description\" content=\"Cr\u00e9ez des produits personnalis\u00e9s avec ImagineMe AI. Personnalisez des articles comme des coques de t\u00e9l\u00e9phone, des mugs et bien plus encore avec vos propres designs gr\u00e2ce \u00e0 nos outils bas\u00e9s sur l&#039;IA.\" \/>\n<meta name=\"robots\" content=\"index, follow, max-snippet:-1, max-image-preview:large, max-video-preview:-1\" \/>\n<link rel=\"canonical\" href=\"https:\/\/imagineme.ai\/fr\/design-product\/\" \/>\n<meta property=\"og:locale\" content=\"fr_FR\" \/>\n<meta property=\"og:type\" content=\"article\" \/>\n<meta property=\"og:title\" content=\"Cr\u00e9ez vos propres produits personnalis\u00e9s - ImagineMe\" \/>\n<meta property=\"og:description\" content=\"Cr\u00e9ez des produits personnalis\u00e9s avec ImagineMe AI. Personnalisez des articles comme des coques de t\u00e9l\u00e9phone, des mugs et bien plus encore avec vos propres designs gr\u00e2ce \u00e0 nos outils bas\u00e9s sur l&#039;IA.\" \/>\n<meta property=\"og:url\" content=\"https:\/\/imagineme.ai\/fr\/design-product\/\" \/>\n<meta property=\"og:site_name\" content=\"ImagineMe\" \/>\n<meta property=\"article:modified_time\" content=\"2025-02-17T11:31:52+00:00\" \/>\n<meta name=\"twitter:card\" content=\"summary_large_image\" \/>\n<script type=\"application\/ld+json\" class=\"yoast-schema-graph\">{\"@context\":\"https:\\\/\\\/schema.org\",\"@graph\":[{\"@type\":\"WebPage\",\"@id\":\"https:\\\/\\\/imagineme.ai\\\/fr\\\/design-product\\\/\",\"url\":\"https:\\\/\\\/imagineme.ai\\\/fr\\\/design-product\\\/\",\"name\":\"Cr\u00e9ez vos propres produits personnalis\u00e9s - ImagineMe\",\"isPartOf\":{\"@id\":\"https:\\\/\\\/imagineme.ai\\\/fr\\\/#website\"},\"datePublished\":\"2024-09-15T23:11:30+00:00\",\"dateModified\":\"2025-02-17T11:31:52+00:00\",\"description\":\"Cr\u00e9ez des produits personnalis\u00e9s avec ImagineMe AI. Personnalisez des articles comme des coques de t\u00e9l\u00e9phone, des mugs et bien plus encore avec vos propres designs gr\u00e2ce \u00e0 nos outils bas\u00e9s sur l'IA.\",\"breadcrumb\":{\"@id\":\"https:\\\/\\\/imagineme.ai\\\/fr\\\/design-product\\\/#breadcrumb\"},\"inLanguage\":\"fr-FR\",\"potentialAction\":[{\"@type\":\"ReadAction\",\"target\":[\"https:\\\/\\\/imagineme.ai\\\/fr\\\/design-product\\\/\"]}]},{\"@type\":\"BreadcrumbList\",\"@id\":\"https:\\\/\\\/imagineme.ai\\\/fr\\\/design-product\\\/#breadcrumb\",\"itemListElement\":[{\"@type\":\"ListItem\",\"position\":1,\"name\":\"Home\",\"item\":\"https:\\\/\\\/imagineme.ai\\\/fr\\\/\"},{\"@type\":\"ListItem\",\"position\":2,\"name\":\"Cr\u00e9er un produit\"}]},{\"@type\":\"WebSite\",\"@id\":\"https:\\\/\\\/imagineme.ai\\\/fr\\\/#website\",\"url\":\"https:\\\/\\\/imagineme.ai\\\/fr\\\/\",\"name\":\"ImagineMe\",\"description\":\"ImagineMe is a new AI system that lets you generate stunning art of yourself from a simple text description.\",\"publisher\":{\"@id\":\"https:\\\/\\\/imagineme.ai\\\/fr\\\/#organization\"},\"potentialAction\":[{\"@type\":\"SearchAction\",\"target\":{\"@type\":\"EntryPoint\",\"urlTemplate\":\"https:\\\/\\\/imagineme.ai\\\/fr\\\/?s={search_term_string}\"},\"query-input\":{\"@type\":\"PropertyValueSpecification\",\"valueRequired\":true,\"valueName\":\"search_term_string\"}}],\"inLanguage\":\"fr-FR\"},{\"@type\":\"Organization\",\"@id\":\"https:\\\/\\\/imagineme.ai\\\/fr\\\/#organization\",\"name\":\"ImagineMe\",\"url\":\"https:\\\/\\\/imagineme.ai\\\/fr\\\/\",\"logo\":{\"@type\":\"ImageObject\",\"inLanguage\":\"fr-FR\",\"@id\":\"https:\\\/\\\/imagineme.ai\\\/fr\\\/#\\\/schema\\\/logo\\\/image\\\/\",\"url\":\"https:\\\/\\\/imagineme-ai.b-cdn.net\\\/wp-content\\\/uploads\\\/2022\\\/11\\\/imagineme_logo_512.png\",\"contentUrl\":\"https:\\\/\\\/imagineme-ai.b-cdn.net\\\/wp-content\\\/uploads\\\/2022\\\/11\\\/imagineme_logo_512.png\",\"width\":512,\"height\":512,\"caption\":\"ImagineMe\"},\"image\":{\"@id\":\"https:\\\/\\\/imagineme.ai\\\/fr\\\/#\\\/schema\\\/logo\\\/image\\\/\"}}]}<\/script>\n<!-- \/ Yoast SEO plugin. -->","yoast_head_json":{"title":"Cr\u00e9ez vos propres produits personnalis\u00e9s - ImagineMe","description":"Cr\u00e9ez des produits personnalis\u00e9s avec ImagineMe AI. Personnalisez des articles comme des coques de t\u00e9l\u00e9phone, des mugs et bien plus encore avec vos propres designs gr\u00e2ce \u00e0 nos outils bas\u00e9s sur l'IA.","robots":{"index":"index","follow":"follow","max-snippet":"max-snippet:-1","max-image-preview":"max-image-preview:large","max-video-preview":"max-video-preview:-1"},"canonical":"https:\/\/imagineme.ai\/fr\/design-product\/","og_locale":"fr_FR","og_type":"article","og_title":"Cr\u00e9ez vos propres produits personnalis\u00e9s - ImagineMe","og_description":"Cr\u00e9ez des produits personnalis\u00e9s avec ImagineMe AI. Personnalisez des articles comme des coques de t\u00e9l\u00e9phone, des mugs et bien plus encore avec vos propres designs gr\u00e2ce \u00e0 nos outils bas\u00e9s sur l'IA.","og_url":"https:\/\/imagineme.ai\/fr\/design-product\/","og_site_name":"ImagineMe","article_modified_time":"2025-02-17T11:31:52+00:00","twitter_card":"summary_large_image","schema":{"@context":"https:\/\/schema.org","@graph":[{"@type":"WebPage","@id":"https:\/\/imagineme.ai\/fr\/design-product\/","url":"https:\/\/imagineme.ai\/fr\/design-product\/","name":"Cr\u00e9ez vos propres produits personnalis\u00e9s - ImagineMe","isPartOf":{"@id":"https:\/\/imagineme.ai\/fr\/#website"},"datePublished":"2024-09-15T23:11:30+00:00","dateModified":"2025-02-17T11:31:52+00:00","description":"Cr\u00e9ez des produits personnalis\u00e9s avec ImagineMe AI. Personnalisez des articles comme des coques de t\u00e9l\u00e9phone, des mugs et bien plus encore avec vos propres designs gr\u00e2ce \u00e0 nos outils bas\u00e9s sur l'IA.","breadcrumb":{"@id":"https:\/\/imagineme.ai\/fr\/design-product\/#breadcrumb"},"inLanguage":"fr-FR","potentialAction":[{"@type":"ReadAction","target":["https:\/\/imagineme.ai\/fr\/design-product\/"]}]},{"@type":"BreadcrumbList","@id":"https:\/\/imagineme.ai\/fr\/design-product\/#breadcrumb","itemListElement":[{"@type":"ListItem","position":1,"name":"Home","item":"https:\/\/imagineme.ai\/fr\/"},{"@type":"ListItem","position":2,"name":"Cr\u00e9er un produit"}]},{"@type":"WebSite","@id":"https:\/\/imagineme.ai\/fr\/#website","url":"https:\/\/imagineme.ai\/fr\/","name":"ImagineMe","description":"ImagineMe is a new AI system that lets you generate stunning art of yourself from a simple text description.","publisher":{"@id":"https:\/\/imagineme.ai\/fr\/#organization"},"potentialAction":[{"@type":"SearchAction","target":{"@type":"EntryPoint","urlTemplate":"https:\/\/imagineme.ai\/fr\/?s={search_term_string}"},"query-input":{"@type":"PropertyValueSpecification","valueRequired":true,"valueName":"search_term_string"}}],"inLanguage":"fr-FR"},{"@type":"Organization","@id":"https:\/\/imagineme.ai\/fr\/#organization","name":"ImagineMe","url":"https:\/\/imagineme.ai\/fr\/","logo":{"@type":"ImageObject","inLanguage":"fr-FR","@id":"https:\/\/imagineme.ai\/fr\/#\/schema\/logo\/image\/","url":"https:\/\/imagineme-ai.b-cdn.net\/wp-content\/uploads\/2022\/11\/imagineme_logo_512.png","contentUrl":"https:\/\/imagineme-ai.b-cdn.net\/wp-content\/uploads\/2022\/11\/imagineme_logo_512.png","width":512,"height":512,"caption":"ImagineMe"},"image":{"@id":"https:\/\/imagineme.ai\/fr\/#\/schema\/logo\/image\/"}}]}},"_links":{"self":[{"href":"https:\/\/imagineme.ai\/fr\/wp-json\/wp\/v2\/pages\/188052","targetHints":{"allow":["GET"]}}],"collection":[{"href":"https:\/\/imagineme.ai\/fr\/wp-json\/wp\/v2\/pages"}],"about":[{"href":"https:\/\/imagineme.ai\/fr\/wp-json\/wp\/v2\/types\/page"}],"author":[{"embeddable":true,"href":"https:\/\/imagineme.ai\/fr\/wp-json\/wp\/v2\/users\/1"}],"replies":[{"embeddable":true,"href":"https:\/\/imagineme.ai\/fr\/wp-json\/wp\/v2\/comments?post=188052"}],"version-history":[{"count":3,"href":"https:\/\/imagineme.ai\/fr\/wp-json\/wp\/v2\/pages\/188052\/revisions"}],"predecessor-version":[{"id":188061,"href":"https:\/\/imagineme.ai\/fr\/wp-json\/wp\/v2\/pages\/188052\/revisions\/188061"}],"wp:attachment":[{"href":"https:\/\/imagineme.ai\/fr\/wp-json\/wp\/v2\/media?parent=188052"}],"curies":[{"name":"wp","href":"https:\/\/api.w.org\/{rel}","templated":true}]}}