{"id":43654,"date":"2023-01-19T12:58:26","date_gmt":"2023-01-19T11:58:26","guid":{"rendered":"https:\/\/imagineme.ai\/informativa-sui-cookie\/"},"modified":"2024-12-14T12:34:59","modified_gmt":"2024-12-14T11:34:59","slug":"cookie-policy","status":"publish","type":"page","link":"https:\/\/imagineme.ai\/it\/cookie-policy\/","title":{"rendered":"Informativa sui cookie"},"content":{"rendered":"\t\t<div data-elementor-type=\"wp-page\" data-elementor-id=\"43654\" class=\"elementor elementor-43654 elementor-11314\" data-elementor-post-type=\"page\">\n\t\t\t\t\t\t<section class=\"elementor-section elementor-top-section elementor-element elementor-element-4fc5861 elementor-section-boxed elementor-section-height-default elementor-section-height-default\" data-id=\"4fc5861\" data-element_type=\"section\" data-e-type=\"section\">\n\t\t\t\t\t\t<div class=\"elementor-container elementor-column-gap-default\">\n\t\t\t\t\t<div class=\"elementor-column elementor-col-100 elementor-top-column elementor-element elementor-element-bde64d1\" data-id=\"bde64d1\" data-element_type=\"column\" data-e-type=\"column\">\n\t\t\t<div class=\"elementor-widget-wrap elementor-element-populated\">\n\t\t\t\t\t\t<div class=\"elementor-element elementor-element-4645829 elementor-widget elementor-widget-heading\" data-id=\"4645829\" data-element_type=\"widget\" data-e-type=\"widget\" data-widget_type=\"heading.default\">\n\t\t\t\t<div class=\"elementor-widget-container\">\n\t\t\t\t\t<h1 class=\"elementor-heading-title elementor-size-default\">Informativa sui cookie<\/h1>\t\t\t\t<\/div>\n\t\t\t\t<\/div>\n\t\t\t\t<div class=\"elementor-element elementor-element-e665108 elementor-widget elementor-widget-text-editor\" data-id=\"e665108\" data-element_type=\"widget\" data-e-type=\"widget\" data-widget_type=\"text-editor.default\">\n\t\t\t\t<div class=\"elementor-widget-container\">\n\t\t\t\t\t\t\t\t\t<p>Questa \u00e8 la Cookie Policy di ImagineMe.<\/p>\n\t\t\t\t\t\t\t\t<\/div>\n\t\t\t\t<\/div>\n\t\t\t\t<div class=\"elementor-element elementor-element-4685a5e elementor-widget elementor-widget-heading\" data-id=\"4685a5e\" data-element_type=\"widget\" data-e-type=\"widget\" data-widget_type=\"heading.default\">\n\t\t\t\t<div class=\"elementor-widget-container\">\n\t\t\t\t\t<h2 class=\"elementor-heading-title elementor-size-default\">Cosa sono i cookie?<\/h2>\t\t\t\t<\/div>\n\t\t\t\t<\/div>\n\t\t\t\t<div class=\"elementor-element elementor-element-274b799 elementor-widget elementor-widget-text-editor\" data-id=\"274b799\" data-element_type=\"widget\" data-e-type=\"widget\" data-widget_type=\"text-editor.default\">\n\t\t\t\t<div class=\"elementor-widget-container\">\n\t\t\t\t\t\t\t\t\t<p>Come avviene in quasi tutti i siti web professionali, anche questo sito utilizza i cookie, piccoli file che vengono scaricati sul tuo computer per migliorare la tua esperienza.<br \/>\nQuesta pagina descrive quali informazioni raccolgono, come le utilizziamo e perch\u00e9 a volte abbiamo bisogno di memorizzare questi cookie.<br \/>\nTi comunicheremo anche come puoi evitare che questi cookie vengano memorizzati, ma questo potrebbe ridurre o &#8220;interrompere&#8221; alcuni elementi della funzionalit\u00e0 del sito.  <\/p>\n\t\t\t\t\t\t\t\t<\/div>\n\t\t\t\t<\/div>\n\t\t\t\t<div class=\"elementor-element elementor-element-f43af3c elementor-widget elementor-widget-heading\" data-id=\"f43af3c\" data-element_type=\"widget\" data-e-type=\"widget\" data-widget_type=\"heading.default\">\n\t\t\t\t<div class=\"elementor-widget-container\">\n\t\t\t\t\t<h2 class=\"elementor-heading-title elementor-size-default\">Come utilizziamo i cookie<\/h2>\t\t\t\t<\/div>\n\t\t\t\t<\/div>\n\t\t\t\t<div class=\"elementor-element elementor-element-42bb15d elementor-widget elementor-widget-text-editor\" data-id=\"42bb15d\" data-element_type=\"widget\" data-e-type=\"widget\" data-widget_type=\"text-editor.default\">\n\t\t\t\t<div class=\"elementor-widget-container\">\n\t\t\t\t\t\t\t\t\t<p>Utilizziamo i cookie per una serie di motivi illustrati di seguito.<br \/>\nPurtroppo nella maggior parte dei casi non esistono opzioni standard del settore per disabilitare i cookie senza disattivare completamente le funzionalit\u00e0 e le caratteristiche che essi aggiungono a questo sito.<br \/>\nSi consiglia di lasciare attivi tutti i cookie se non si \u00e8 sicuri di averne bisogno o meno, nel caso in cui vengano utilizzati per fornire un servizio che si utilizza.  <\/p>\n\t\t\t\t\t\t\t\t<\/div>\n\t\t\t\t<\/div>\n\t\t\t\t<div class=\"elementor-element elementor-element-3f80500 elementor-widget elementor-widget-heading\" data-id=\"3f80500\" data-element_type=\"widget\" data-e-type=\"widget\" data-widget_type=\"heading.default\">\n\t\t\t\t<div class=\"elementor-widget-container\">\n\t\t\t\t\t<h2 class=\"elementor-heading-title elementor-size-default\">Disabilitare i cookie<\/h2>\t\t\t\t<\/div>\n\t\t\t\t<\/div>\n\t\t\t\t<div class=\"elementor-element elementor-element-607c891 elementor-widget elementor-widget-text-editor\" data-id=\"607c891\" data-element_type=\"widget\" data-e-type=\"widget\" data-widget_type=\"text-editor.default\">\n\t\t\t\t<div class=\"elementor-widget-container\">\n\t\t\t\t\t\t\t\t\t<p>Puoi impedire l&#8217;impostazione dei cookie modificando le impostazioni del tuo browser (consulta la Guida del browser per sapere come fare).<br \/>\nTieni presente che la disabilitazione dei cookie influisce sulla funzionalit\u00e0 di questo e di molti altri siti web che visiti.<br \/>\nLa disabilitazione dei cookie di solito comporta anche la disabilitazione di alcune funzionalit\u00e0 e caratteristiche del sito.<br \/>\nPertanto si consiglia di non disabilitare i cookie.     <\/p>\n<p>Se vuoi rimuovere i cookie gi\u00e0 memorizzati, puoi farlo tramite la schermata delle impostazioni del tuo browser.<br \/>\nLa regolazione di queste impostazioni varia a seconda del browser.   <\/p>\n\t\t\t\t\t\t\t\t<\/div>\n\t\t\t\t<\/div>\n\t\t\t\t<div class=\"elementor-element elementor-element-2fb393f elementor-widget elementor-widget-heading\" data-id=\"2fb393f\" data-element_type=\"widget\" data-e-type=\"widget\" data-widget_type=\"heading.default\">\n\t\t\t\t<div class=\"elementor-widget-container\">\n\t\t\t\t\t<h2 class=\"elementor-heading-title elementor-size-default\">I cookie che impostiamo<\/h2>\t\t\t\t<\/div>\n\t\t\t\t<\/div>\n\t\t\t\t<div class=\"elementor-element elementor-element-15e9894 elementor-widget elementor-widget-text-editor\" data-id=\"15e9894\" data-element_type=\"widget\" data-e-type=\"widget\" data-widget_type=\"text-editor.default\">\n\t\t\t\t<div class=\"elementor-widget-container\">\n\t\t\t\t\t\t\t\t\t<p>Cookies relativi all&#8217;account<br \/>Se crei un account con noi, utilizzeremo cookies per gestire il processo di registrazione e l&#8217;amministrazione generale. In genere questi cookie vengono eliminati quando l&#8217;utente si disconnette, ma in alcuni casi possono rimanere in seguito per ricordare le preferenze del sito quando si \u00e8 disconnessi.<\/p>\n<p>Cookies relativi all&#8217;elaborazione degli ordini<br \/>Questo sito offre servizi di e-commerce o di pagamento, e alcuni cookies sono essenziali per garantire che il tuo ordine venga ricordato tra le pagine per poterlo elaborare correttamente.<\/p>\n\t\t\t\t\t\t\t\t<\/div>\n\t\t\t\t<\/div>\n\t\t\t\t<div class=\"elementor-element elementor-element-1d3cab6 elementor-widget elementor-widget-heading\" data-id=\"1d3cab6\" data-element_type=\"widget\" data-e-type=\"widget\" data-widget_type=\"heading.default\">\n\t\t\t\t<div class=\"elementor-widget-container\">\n\t\t\t\t\t<h2 class=\"elementor-heading-title elementor-size-default\">Ulteriori informazioni<\/h2>\t\t\t\t<\/div>\n\t\t\t\t<\/div>\n\t\t\t\t<div class=\"elementor-element elementor-element-8c01177 elementor-widget elementor-widget-text-editor\" data-id=\"8c01177\" data-element_type=\"widget\" data-e-type=\"widget\" data-widget_type=\"text-editor.default\">\n\t\t\t\t<div class=\"elementor-widget-container\">\n\t\t\t\t\t\t\t\t\t<p>Speriamo che questo ti abbia chiarito le idee e, come gi\u00e0 detto, se c&#8217;\u00e8 qualcosa di cui non sei sicuro di aver bisogno o meno, di solito \u00e8 pi\u00f9 sicuro lasciare i cookie abilitati nel caso in cui interagiscano con una delle funzioni che utilizzi sul nostro sito.  <\/p>\n<p>Scopri di pi\u00f9 sui cookie di <a href=\"https:\/\/allaboutcookies.org\/\">https:\/\/allaboutcookies.org\/ <\/a><\/p>\n<p>Scopri come gestiamo i tuoi dati su <a href=\"https:\/\/imagineme.ai\/it\/privacypolicy\/\">https:\/\/imagineme.ai\/it\/privacypolicy\/<\/a><\/p>\n<p>Tuttavia, se sei ancora alla ricerca di ulteriori informazioni, puoi contattarci attraverso uno dei nostri metodi di contatto preferiti:  <\/p>\n<p>Email: <a href=\"mailto:support@imagineme.ai\">support@imagineme.ai<\/a><\/p>\n\t\t\t\t\t\t\t\t<\/div>\n\t\t\t\t<\/div>\n\t\t\t\t\t<\/div>\n\t\t<\/div>\n\t\t\t\t\t<\/div>\n\t\t<\/section>\n\t\t\t\t<\/div>\n\t\t","protected":false},"excerpt":{"rendered":"<p>Informativa sui cookie Questa \u00e8 la Cookie Policy di ImagineMe. Cosa sono i cookie? Come avviene in quasi tutti i [&hellip;]<\/p>\n","protected":false},"author":1,"featured_media":0,"parent":0,"menu_order":0,"comment_status":"closed","ping_status":"closed","template":"","meta":{"site-sidebar-layout":"no-sidebar","site-content-layout":"page-builder","ast-site-content-layout":"full-width-container","site-content-style":"unboxed","site-sidebar-style":"unboxed","ast-global-header-display":"","ast-banner-title-visibility":"","ast-main-header-display":"","ast-hfb-above-header-display":"","ast-hfb-below-header-display":"","ast-hfb-mobile-header-display":"","site-post-title":"disabled","ast-breadcrumbs-content":"","ast-featured-img":"disabled","footer-sml-layout":"","ast-disable-related-posts":"","theme-transparent-header-meta":"","adv-header-id-meta":"","stick-header-meta":"","header-above-stick-meta":"","header-main-stick-meta":"","header-below-stick-meta":"","astra-migrate-meta-layouts":"set","ast-page-background-enabled":"default","ast-page-background-meta":{"desktop":{"background-color":"","background-image":"","background-repeat":"repeat","background-position":"center center","background-size":"auto","background-attachment":"scroll","background-type":"","background-media":"","overlay-type":"","overlay-color":"","overlay-opacity":"","overlay-gradient":""},"tablet":{"background-color":"","background-image":"","background-repeat":"repeat","background-position":"center center","background-size":"auto","background-attachment":"scroll","background-type":"","background-media":"","overlay-type":"","overlay-color":"","overlay-opacity":"","overlay-gradient":""},"mobile":{"background-color":"","background-image":"","background-repeat":"repeat","background-position":"center center","background-size":"auto","background-attachment":"scroll","background-type":"","background-media":"","overlay-type":"","overlay-color":"","overlay-opacity":"","overlay-gradient":""}},"ast-content-background-meta":{"desktop":{"background-color":"var(--ast-global-color-5)","background-image":"","background-repeat":"repeat","background-position":"center center","background-size":"auto","background-attachment":"scroll","background-type":"","background-media":"","overlay-type":"","overlay-color":"","overlay-opacity":"","overlay-gradient":""},"tablet":{"background-color":"var(--ast-global-color-5)","background-image":"","background-repeat":"repeat","background-position":"center center","background-size":"auto","background-attachment":"scroll","background-type":"","background-media":"","overlay-type":"","overlay-color":"","overlay-opacity":"","overlay-gradient":""},"mobile":{"background-color":"var(--ast-global-color-5)","background-image":"","background-repeat":"repeat","background-position":"center center","background-size":"auto","background-attachment":"scroll","background-type":"","background-media":"","overlay-type":"","overlay-color":"","overlay-opacity":"","overlay-gradient":""}},"im_meta_structure":"","footnotes":""},"class_list":["post-43654","page","type-page","status-publish","hentry"],"yoast_head":"<!-- This site is optimized with the Yoast SEO plugin v27.2 - https:\/\/yoast.com\/product\/yoast-seo-wordpress\/ -->\n<title>Informativa sui cookie - ImagineMe<\/title>\n<meta name=\"description\" content=\"Scopri come utilizziamo i cookie per ottimizzare la tua esperienza utente. Quali tipi di cookie utilizziamo e come disattivarli.\" \/>\n<meta name=\"robots\" content=\"index, follow, max-snippet:-1, max-image-preview:large, max-video-preview:-1\" \/>\n<link rel=\"canonical\" href=\"https:\/\/imagineme.ai\/it\/cookie-policy\/\" \/>\n<meta property=\"og:locale\" content=\"it_IT\" \/>\n<meta property=\"og:type\" content=\"article\" \/>\n<meta property=\"og:title\" content=\"Informativa sui cookie - ImagineMe\" \/>\n<meta property=\"og:description\" content=\"Scopri come utilizziamo i cookie per ottimizzare la tua esperienza utente. Quali tipi di cookie utilizziamo e come disattivarli.\" \/>\n<meta property=\"og:url\" content=\"https:\/\/imagineme.ai\/it\/cookie-policy\/\" \/>\n<meta property=\"og:site_name\" content=\"ImagineMe\" \/>\n<meta property=\"article:modified_time\" content=\"2024-12-14T11:34:59+00:00\" \/>\n<meta name=\"twitter:card\" content=\"summary_large_image\" \/>\n<meta name=\"twitter:label1\" content=\"Tempo di lettura stimato\" \/>\n\t<meta name=\"twitter:data1\" content=\"2 minuti\" \/>\n<script type=\"application\/ld+json\" class=\"yoast-schema-graph\">{\"@context\":\"https:\/\/schema.org\",\"@graph\":[{\"@type\":\"WebPage\",\"@id\":\"https:\/\/imagineme.ai\/it\/cookie-policy\/\",\"url\":\"https:\/\/imagineme.ai\/it\/cookie-policy\/\",\"name\":\"Informativa sui cookie - ImagineMe\",\"isPartOf\":{\"@id\":\"https:\/\/imagineme.ai\/it\/#website\"},\"datePublished\":\"2023-01-19T11:58:26+00:00\",\"dateModified\":\"2024-12-14T11:34:59+00:00\",\"description\":\"Scopri come utilizziamo i cookie per ottimizzare la tua esperienza utente. Quali tipi di cookie utilizziamo e come disattivarli.\",\"breadcrumb\":{\"@id\":\"https:\/\/imagineme.ai\/it\/cookie-policy\/#breadcrumb\"},\"inLanguage\":\"it-IT\",\"potentialAction\":[{\"@type\":\"ReadAction\",\"target\":[\"https:\/\/imagineme.ai\/it\/cookie-policy\/\"]}]},{\"@type\":\"BreadcrumbList\",\"@id\":\"https:\/\/imagineme.ai\/it\/cookie-policy\/#breadcrumb\",\"itemListElement\":[{\"@type\":\"ListItem\",\"position\":1,\"name\":\"Home\",\"item\":\"https:\/\/imagineme.ai\/it\/\"},{\"@type\":\"ListItem\",\"position\":2,\"name\":\"Informativa sui cookie\"}]},{\"@type\":\"WebSite\",\"@id\":\"https:\/\/imagineme.ai\/it\/#website\",\"url\":\"https:\/\/imagineme.ai\/it\/\",\"name\":\"ImagineMe\",\"description\":\"ImagineMe is a new AI system that lets you generate stunning art of yourself from a simple text description.\",\"publisher\":{\"@id\":\"https:\/\/imagineme.ai\/it\/#organization\"},\"potentialAction\":[{\"@type\":\"SearchAction\",\"target\":{\"@type\":\"EntryPoint\",\"urlTemplate\":\"https:\/\/imagineme.ai\/it\/?s={search_term_string}\"},\"query-input\":{\"@type\":\"PropertyValueSpecification\",\"valueRequired\":true,\"valueName\":\"search_term_string\"}}],\"inLanguage\":\"it-IT\"},{\"@type\":\"Organization\",\"@id\":\"https:\/\/imagineme.ai\/it\/#organization\",\"name\":\"ImagineMe\",\"url\":\"https:\/\/imagineme.ai\/it\/\",\"logo\":{\"@type\":\"ImageObject\",\"inLanguage\":\"it-IT\",\"@id\":\"https:\/\/imagineme.ai\/it\/#\/schema\/logo\/image\/\",\"url\":\"https:\/\/imagineme-ai.b-cdn.net\/wp-content\/uploads\/2022\/11\/imagineme_logo_512.png\",\"contentUrl\":\"https:\/\/imagineme-ai.b-cdn.net\/wp-content\/uploads\/2022\/11\/imagineme_logo_512.png\",\"width\":512,\"height\":512,\"caption\":\"ImagineMe\"},\"image\":{\"@id\":\"https:\/\/imagineme.ai\/it\/#\/schema\/logo\/image\/\"}}]}<\/script>\n<!-- \/ Yoast SEO plugin. -->","yoast_head_json":{"title":"Informativa sui cookie - ImagineMe","description":"Scopri come utilizziamo i cookie per ottimizzare la tua esperienza utente. Quali tipi di cookie utilizziamo e come disattivarli.","robots":{"index":"index","follow":"follow","max-snippet":"max-snippet:-1","max-image-preview":"max-image-preview:large","max-video-preview":"max-video-preview:-1"},"canonical":"https:\/\/imagineme.ai\/it\/cookie-policy\/","og_locale":"it_IT","og_type":"article","og_title":"Informativa sui cookie - ImagineMe","og_description":"Scopri come utilizziamo i cookie per ottimizzare la tua esperienza utente. Quali tipi di cookie utilizziamo e come disattivarli.","og_url":"https:\/\/imagineme.ai\/it\/cookie-policy\/","og_site_name":"ImagineMe","article_modified_time":"2024-12-14T11:34:59+00:00","twitter_card":"summary_large_image","twitter_misc":{"Tempo di lettura stimato":"2 minuti"},"schema":{"@context":"https:\/\/schema.org","@graph":[{"@type":"WebPage","@id":"https:\/\/imagineme.ai\/it\/cookie-policy\/","url":"https:\/\/imagineme.ai\/it\/cookie-policy\/","name":"Informativa sui cookie - ImagineMe","isPartOf":{"@id":"https:\/\/imagineme.ai\/it\/#website"},"datePublished":"2023-01-19T11:58:26+00:00","dateModified":"2024-12-14T11:34:59+00:00","description":"Scopri come utilizziamo i cookie per ottimizzare la tua esperienza utente. Quali tipi di cookie utilizziamo e come disattivarli.","breadcrumb":{"@id":"https:\/\/imagineme.ai\/it\/cookie-policy\/#breadcrumb"},"inLanguage":"it-IT","potentialAction":[{"@type":"ReadAction","target":["https:\/\/imagineme.ai\/it\/cookie-policy\/"]}]},{"@type":"BreadcrumbList","@id":"https:\/\/imagineme.ai\/it\/cookie-policy\/#breadcrumb","itemListElement":[{"@type":"ListItem","position":1,"name":"Home","item":"https:\/\/imagineme.ai\/it\/"},{"@type":"ListItem","position":2,"name":"Informativa sui cookie"}]},{"@type":"WebSite","@id":"https:\/\/imagineme.ai\/it\/#website","url":"https:\/\/imagineme.ai\/it\/","name":"ImagineMe","description":"ImagineMe is a new AI system that lets you generate stunning art of yourself from a simple text description.","publisher":{"@id":"https:\/\/imagineme.ai\/it\/#organization"},"potentialAction":[{"@type":"SearchAction","target":{"@type":"EntryPoint","urlTemplate":"https:\/\/imagineme.ai\/it\/?s={search_term_string}"},"query-input":{"@type":"PropertyValueSpecification","valueRequired":true,"valueName":"search_term_string"}}],"inLanguage":"it-IT"},{"@type":"Organization","@id":"https:\/\/imagineme.ai\/it\/#organization","name":"ImagineMe","url":"https:\/\/imagineme.ai\/it\/","logo":{"@type":"ImageObject","inLanguage":"it-IT","@id":"https:\/\/imagineme.ai\/it\/#\/schema\/logo\/image\/","url":"https:\/\/imagineme-ai.b-cdn.net\/wp-content\/uploads\/2022\/11\/imagineme_logo_512.png","contentUrl":"https:\/\/imagineme-ai.b-cdn.net\/wp-content\/uploads\/2022\/11\/imagineme_logo_512.png","width":512,"height":512,"caption":"ImagineMe"},"image":{"@id":"https:\/\/imagineme.ai\/it\/#\/schema\/logo\/image\/"}}]}},"_links":{"self":[{"href":"https:\/\/imagineme.ai\/it\/wp-json\/wp\/v2\/pages\/43654","targetHints":{"allow":["GET"]}}],"collection":[{"href":"https:\/\/imagineme.ai\/it\/wp-json\/wp\/v2\/pages"}],"about":[{"href":"https:\/\/imagineme.ai\/it\/wp-json\/wp\/v2\/types\/page"}],"author":[{"embeddable":true,"href":"https:\/\/imagineme.ai\/it\/wp-json\/wp\/v2\/users\/1"}],"replies":[{"embeddable":true,"href":"https:\/\/imagineme.ai\/it\/wp-json\/wp\/v2\/comments?post=43654"}],"version-history":[{"count":2,"href":"https:\/\/imagineme.ai\/it\/wp-json\/wp\/v2\/pages\/43654\/revisions"}],"predecessor-version":[{"id":130287,"href":"https:\/\/imagineme.ai\/it\/wp-json\/wp\/v2\/pages\/43654\/revisions\/130287"}],"wp:attachment":[{"href":"https:\/\/imagineme.ai\/it\/wp-json\/wp\/v2\/media?parent=43654"}],"curies":[{"name":"wp","href":"https:\/\/api.w.org\/{rel}","templated":true}]}}