{"id":73665,"date":"2026-03-18T22:38:10","date_gmt":"2026-03-18T21:38:10","guid":{"rendered":"https:\/\/imagineme.ai\/affiliate-terms-of-use\/"},"modified":"2026-03-18T22:38:10","modified_gmt":"2026-03-18T21:38:10","slug":"affiliate-terms-of-use","status":"publish","type":"page","link":"https:\/\/imagineme.ai\/it\/affiliate-terms-of-use\/","title":{"rendered":"Condizioni d&#8217;uso degli affiliati"},"content":{"rendered":"\t\t<div data-elementor-type=\"wp-page\" data-elementor-id=\"73665\" class=\"elementor elementor-73665 elementor-72243\" data-elementor-post-type=\"page\">\n\t\t\t\t\t\t<section class=\"elementor-section elementor-top-section elementor-element elementor-element-39a1cec elementor-section-boxed elementor-section-height-default elementor-section-height-default\" data-id=\"39a1cec\" data-element_type=\"section\" data-e-type=\"section\">\n\t\t\t\t\t\t<div class=\"elementor-container elementor-column-gap-default\">\n\t\t\t\t\t<div class=\"elementor-column elementor-col-100 elementor-top-column elementor-element elementor-element-602fe304\" data-id=\"602fe304\" data-element_type=\"column\" data-e-type=\"column\">\n\t\t\t<div class=\"elementor-widget-wrap elementor-element-populated\">\n\t\t\t\t\t\t<div class=\"elementor-element elementor-element-18989feb elementor-widget elementor-widget-text-editor\" data-id=\"18989feb\" data-element_type=\"widget\" data-e-type=\"widget\" data-widget_type=\"text-editor.default\">\n\t\t\t\t<div class=\"elementor-widget-container\">\n\t\t\t\t\t\t\t\t\t\n<h2>Condizioni d&#8217;uso degli affiliati<\/h2>\n<p><em>Ultimo aggiornamento: 27 giugno 2024<\/em><\/p>\n<p>In qualit\u00e0 di affiliato autorizzato (Affiliato) di ImagineMe, accetti di rispettare i termini e le condizioni contenuti nel presente Accordo (Accordo). Ti invitiamo a leggere attentamente l&#8217;intero Accordo prima di registrarti e promuovere ImagineMe come Affiliato.<\/p>\n\n<p>La tua partecipazione al Programma \u00e8 finalizzata esclusivamente a pubblicizzare legalmente il nostro sito web per ricevere una commissione sulle iscrizioni e sui prodotti acquistati da persone indirizzate a ImagineMe dal tuo sito web o da referral personali.<\/p>\n\n<p>Iscrivendosi al Programma di affiliazione ImagineMe (Programma), l&#8217;utente dichiara di accettare il presente Accordo e i relativi termini e condizioni.<\/p>\n<p> <\/p>\n\n<h3 id=\"approval-or-rejection\" class=\"wp-block-heading\">Approvazione o rifiuto della domanda<\/h3>\n\n<p>Ci riserviamo il diritto di approvare o rifiutare QUALSIASI domanda di partecipazione al Programma di affiliazione a nostra esclusiva e assoluta discrezione. Non avrai alcun diritto di ricorso nei nostri confronti per il rifiuto della tua domanda di partecipazione al Programma di affiliazione.<\/p>\n<p> <\/p>\n\n<h3 id=\"commissions\" class=\"wp-block-heading\">Commissioni<\/h3>\n\n<p>Le commissioni saranno pagate una volta al mese. Affinch\u00e9 un Affiliato riceva una commissione, l&#8217;account segnalato deve rimanere attivo per un minimo di 31 giorni.<\/p>\n\n<p>Non puoi fare da referente e non riceverai una commissione sui tuoi conti.<\/p>\n\n<p>I pagamenti saranno inviati solo per le transazioni completate con successo. Le transazioni che risultano in chargeback o rimborsi non saranno pagate.<\/p>\n<p> <\/p>\n\n<h3 id=\"termination\" class=\"wp-block-heading\">Terminazione<\/h3>\n\n<p>La tua domanda di affiliazione e il tuo status di affiliato al Programma possono essere sospesi o annullati per uno dei seguenti motivi:<\/p>\n\n<ul>\n<li>Pubblicit\u00e0 inappropriata (affermazioni false, collegamenti ipertestuali fuorvianti, ecc.).<\/li>\n\n<li>Spamming (invio massiccio di e-mail, invio massiccio di newsgroup, ecc.).<\/li>\n\n<li>Pubblicit\u00e0 su siti che contengono o promuovono attivit\u00e0 illegali.<\/li>\n\n<li>Mancata comunicazione del rapporto di affiliazione per qualsiasi promozione che si qualifichi come approvazione ai sensi delle linee guida e dei regolamenti della Federal Trade Commission o di qualsiasi legge statale applicabile.<\/li>\n\n<li>Violazione dei diritti di propriet\u00e0 intellettuale. ImagineMe si riserva il diritto di richiedere accordi di licenza a coloro che utilizzano marchi di ImagineMe al fine di proteggere i nostri diritti di propriet\u00e0 intellettuale.<\/li>\n\n<li>Offrire sconti, coupon o altre forme di rimborsi promessi dalla tua commissione di affiliazione come incentivo. L&#8217;aggiunta di bonus o di altri prodotti in bundle con ImagineMe, tuttavia, \u00e8 accettabile.<\/li>\n\n<li>Auto-refertazione, transazioni fraudolente, sospetto di frode da parte dell&#8217;Affiliato.<\/li>\n<\/ul>\n\n<p>In aggiunta a quanto sopra, ImagineMe si riserva il diritto di chiudere qualsiasi account Affiliato in qualsiasi momento, per qualsiasi violazione del presente Accordo o per nessun motivo.<\/p>\n<p> <\/p>\n\n<h3 id=\"affiliate-links\" class=\"wp-block-heading\">Link di affiliazione<\/h3>\n\n<p>Puoi utilizzare link grafici e testuali sia sul tuo sito web che all&#8217;interno dei tuoi messaggi e-mail. Puoi anche pubblicizzare il sito ImagineMe su annunci online e offline, riviste e giornali.<\/p>\n\n<p>Puoi utilizzare la grafica e il testo forniti da noi o crearne di tuoi, purch\u00e9 siano ritenuti appropriati in base alle condizioni e non violino quanto indicato nella sezione Risoluzione.<\/p>\n<p> <\/p>\n\n<h3 id=\"coupon-and-deal-sites\" class=\"wp-block-heading\">Siti di coupon e offerte<\/h3>\n\n<p>ImagineMe offre occasionalmente dei coupon a selezionati affiliati e agli iscritti alla nostra newsletter. Se non sei stato pre-approvato\/assegnato a un coupon di marca, non puoi promuovere il coupon. Di seguito sono riportati i termini che si applicano a qualsiasi affiliato che intenda promuovere i nostri prodotti in relazione a un&#8217;offerta o a un coupon:<\/p>\n\n<ul>\n<li>Gli affiliati non possono utilizzare testi fuorvianti su link, pulsanti o immagini di affiliazione per far intendere che qualcosa di diverso da ci\u00f2 che \u00e8 attualmente autorizzato si rivolge all&#8217;affiliato specifico.<\/li>\n\n<li>Gli affiliati non possono fare offerte su Coupon ImagineMe, Sconti ImagineMe o altre frasi che implicano la disponibilit\u00e0 di coupon.<\/li>\n\n<li>Gli affiliati non possono generare pop-up, pop-under, iframe, frame o qualsiasi altra azione visibile o non visibile che imposti i cookie di affiliazione, a meno che l&#8217;utente non abbia espresso un interesse chiaro ed esplicito ad attivare un risparmio specifico cliccando su un link, un pulsante o un&#8217;immagine chiaramente contrassegnati per quel particolare coupon o offerta. Il tuo link deve inviare il visitatore al sito del commerciante.<\/li>\n\n<li>L&#8217;utente deve essere in grado di visualizzare le informazioni e i dettagli relativi a coupon, offerte e risparmi prima che venga impostato un cookie di affiliazione (ad esempio, &#8220;clicca qui per vedere i coupon e aprire una finestra sul sito del commerciante&#8221; NON \u00e8 consentito).<\/li>\n\n<li>I siti affiliati non possono avere la dicitura &#8220;Clicca per (o per vedere) l&#8217;offerta\/coupon&#8221; o qualsiasi altra variante, quando non ci sono coupon o offerte disponibili e il clic apre il sito del commerciante o imposta un cookie. Gli affiliati che presentano un testo di questo tipo nella pagina di destinazione del commerciante saranno immediatamente rimossi dal programma.<\/li>\n<\/ul>\n<p> <\/p>\n\n<h3 id=\"ppc-policy\" class=\"wp-block-heading\">Politica Pay Per Click (PPC)<\/h3>\n\n<p>Le offerte PPC NON sono consentite senza previa autorizzazione scritta.<\/p>\n<p> <\/p>\n\n<h3 id=\"liability\" class=\"wp-block-heading\">Responsabilit\u00e0<\/h3>\n\n<p>ImagineMe non sar\u00e0 responsabile per danni indiretti o accidentali (perdita di ricavi, commissioni) dovuti a malfunzionamenti del tracciamento degli affiliati, perdita di file di database o qualsiasi risultato di intenti dannosi per il Programma e\/o per i nostri siti web.<\/p>\n\n<p>Non forniamo alcuna garanzia espressa o implicita in relazione al Programma e\/o alle iscrizioni o ai prodotti venduti da ImagineMe. Non pretendiamo che il funzionamento del Programma e\/o dei nostri siti web sia privo di errori e non saremo responsabili per eventuali interruzioni o errori.<\/p>\n<p> <\/p>\n\n<h3 id=\"term-of-agreement\" class=\"wp-block-heading\">Durata dell&#8217;accordo<\/h3>\n\n<p>La durata del presente Contratto inizia con l&#8217;accettazione nel Programma e termina con la chiusura dell&#8217;account di affiliazione.<\/p>\n\n<p>I termini e le condizioni del presente contratto possono essere modificati da noi in qualsiasi momento. Se qualsiasi modifica ai termini e alle condizioni del presente Contratto \u00e8 inaccettabile per te, la tua unica scelta \u00e8 quella di chiudere il tuo account Affiliato. La tua continua partecipazione al Programma costituir\u00e0 l&#8217;accettazione di qualsiasi modifica.<\/p>\n<p> <\/p>\n\n<h3 id=\"indemnification\" class=\"wp-block-heading\">Indennizzo<\/h3>\n\n<p>L&#8217;Affiliato dovr\u00e0 indennizzare e tenere indenne ImagineMe e le sue societ\u00e0 affiliate e sussidiarie, i suoi funzionari, direttori, dipendenti, licenziatari, successori e cessionari, compresi coloro che hanno ottenuto da ImagineMe la licenza o l&#8217;autorizzazione a trasmettere e distribuire materiali, da qualsiasi responsabilit\u00e0, danno, multa, sentenza, reclamo, costo, perdita e spesa (comprese le ragionevoli spese legali e i costi) derivanti da o correlati a qualsiasi reclamo sostenuto in relazione al presente Contratto a causa di negligenza, falsa dichiarazione, mancata divulgazione o condotta intenzionale dell&#8217;Affiliato.<\/p>\n<p> <\/p>\n\n<h3 id=\"electronic-signatures-effective\" class=\"wp-block-heading\">Firme elettroniche efficaci<\/h3>\n\n<p class=\"has-small-font-size\">L&#8217;Accordo \u00e8 un contratto elettronico che stabilisce i termini legalmente vincolanti della tua partecipazione al programma di affiliazione ImagineMe. L&#8217;utente dichiara di accettare il presente Contratto e tutti i termini e le condizioni contenuti o citati nel presente Contratto completando la procedura di iscrizione a ImagineMe. Questa azione crea una firma elettronica che ha la stessa forza ed effetto legale di una firma autografa.<\/p>\n<p> <\/p>\n\t\t\t\t\t\t\t\t<\/div>\n\t\t\t\t<\/div>\n\t\t\t\t\t<\/div>\n\t\t<\/div>\n\t\t\t\t\t<\/div>\n\t\t<\/section>\n\t\t\t\t<\/div>\n\t\t","protected":false},"excerpt":{"rendered":"<p>Condizioni d&#8217;uso degli affiliati Ultimo aggiornamento: 27 giugno 2024 In qualit\u00e0 di affiliato autorizzato (Affiliato) di ImagineMe, accetti di rispettare [&hellip;]<\/p>\n","protected":false},"author":146636,"featured_media":10926,"parent":0,"menu_order":0,"comment_status":"closed","ping_status":"closed","template":"","meta":{"site-sidebar-layout":"default","site-content-layout":"","ast-site-content-layout":"default","site-content-style":"default","site-sidebar-style":"default","ast-global-header-display":"","ast-banner-title-visibility":"","ast-main-header-display":"","ast-hfb-above-header-display":"","ast-hfb-below-header-display":"","ast-hfb-mobile-header-display":"","site-post-title":"","ast-breadcrumbs-content":"","ast-featured-img":"","footer-sml-layout":"","ast-disable-related-posts":"","theme-transparent-header-meta":"","adv-header-id-meta":"","stick-header-meta":"","header-above-stick-meta":"","header-main-stick-meta":"","header-below-stick-meta":"","astra-migrate-meta-layouts":"default","ast-page-background-enabled":"default","ast-page-background-meta":{"desktop":{"background-color":"","background-image":"","background-repeat":"repeat","background-position":"center center","background-size":"auto","background-attachment":"scroll","background-type":"","background-media":"","overlay-type":"","overlay-color":"","overlay-opacity":"","overlay-gradient":""},"tablet":{"background-color":"","background-image":"","background-repeat":"repeat","background-position":"center center","background-size":"auto","background-attachment":"scroll","background-type":"","background-media":"","overlay-type":"","overlay-color":"","overlay-opacity":"","overlay-gradient":""},"mobile":{"background-color":"","background-image":"","background-repeat":"repeat","background-position":"center center","background-size":"auto","background-attachment":"scroll","background-type":"","background-media":"","overlay-type":"","overlay-color":"","overlay-opacity":"","overlay-gradient":""}},"ast-content-background-meta":{"desktop":{"background-color":"var(--ast-global-color-5)","background-image":"","background-repeat":"repeat","background-position":"center center","background-size":"auto","background-attachment":"scroll","background-type":"","background-media":"","overlay-type":"","overlay-color":"","overlay-opacity":"","overlay-gradient":""},"tablet":{"background-color":"var(--ast-global-color-5)","background-image":"","background-repeat":"repeat","background-position":"center center","background-size":"auto","background-attachment":"scroll","background-type":"","background-media":"","overlay-type":"","overlay-color":"","overlay-opacity":"","overlay-gradient":""},"mobile":{"background-color":"var(--ast-global-color-5)","background-image":"","background-repeat":"repeat","background-position":"center center","background-size":"auto","background-attachment":"scroll","background-type":"","background-media":"","overlay-type":"","overlay-color":"","overlay-opacity":"","overlay-gradient":""}},"im_meta_structure":"","footnotes":""},"class_list":["post-73665","page","type-page","status-publish","has-post-thumbnail","hentry"],"yoast_head":"<!-- This site is optimized with the Yoast SEO plugin v27.2 - https:\/\/yoast.com\/product\/yoast-seo-wordpress\/ -->\n<title>Condizioni d&#039;uso degli affiliati - ImagineMe<\/title>\n<meta name=\"description\" content=\"Condizioni d&#039;uso del programma di affiliazione di ImagineMe.\" \/>\n<meta name=\"robots\" content=\"index, follow, max-snippet:-1, max-image-preview:large, max-video-preview:-1\" \/>\n<link rel=\"canonical\" href=\"https:\/\/imagineme.ai\/it\/affiliate-terms-of-use\/\" \/>\n<meta property=\"og:locale\" content=\"it_IT\" \/>\n<meta property=\"og:type\" content=\"article\" \/>\n<meta property=\"og:title\" content=\"Condizioni d&#039;uso degli affiliati - ImagineMe\" \/>\n<meta property=\"og:description\" content=\"Condizioni d&#039;uso del programma di affiliazione di ImagineMe.\" \/>\n<meta property=\"og:url\" content=\"https:\/\/imagineme.ai\/it\/affiliate-terms-of-use\/\" \/>\n<meta property=\"og:site_name\" content=\"ImagineMe\" \/>\n<meta property=\"og:image\" content=\"https:\/\/imagineme.ai\/wp-content\/uploads\/2023\/01\/ImagineMe-Logo-Black-with-White-text-orange-dot.png\" \/>\n\t<meta property=\"og:image:width\" content=\"2245\" \/>\n\t<meta property=\"og:image:height\" content=\"2245\" \/>\n\t<meta property=\"og:image:type\" content=\"image\/png\" \/>\n<meta name=\"twitter:card\" content=\"summary_large_image\" \/>\n<meta name=\"twitter:label1\" content=\"Tempo di lettura stimato\" \/>\n\t<meta name=\"twitter:data1\" content=\"5 minuti\" \/>\n<script type=\"application\/ld+json\" class=\"yoast-schema-graph\">{\"@context\":\"https:\/\/schema.org\",\"@graph\":[{\"@type\":\"WebPage\",\"@id\":\"https:\/\/imagineme.ai\/it\/affiliate-terms-of-use\/\",\"url\":\"https:\/\/imagineme.ai\/it\/affiliate-terms-of-use\/\",\"name\":\"Condizioni d'uso degli affiliati - ImagineMe\",\"isPartOf\":{\"@id\":\"https:\/\/imagineme.ai\/it\/#website\"},\"primaryImageOfPage\":{\"@id\":\"https:\/\/imagineme.ai\/it\/affiliate-terms-of-use\/#primaryimage\"},\"image\":{\"@id\":\"https:\/\/imagineme.ai\/it\/affiliate-terms-of-use\/#primaryimage\"},\"thumbnailUrl\":\"https:\/\/imagineme-ai.b-cdn.net\/wp-content\/uploads\/2023\/01\/ImagineMe-Logo-Black-with-White-text-orange-dot.png\",\"datePublished\":\"2026-03-18T21:38:10+00:00\",\"description\":\"Condizioni d'uso del programma di affiliazione di ImagineMe.\",\"breadcrumb\":{\"@id\":\"https:\/\/imagineme.ai\/it\/affiliate-terms-of-use\/#breadcrumb\"},\"inLanguage\":\"it-IT\",\"potentialAction\":[{\"@type\":\"ReadAction\",\"target\":[\"https:\/\/imagineme.ai\/it\/affiliate-terms-of-use\/\"]}]},{\"@type\":\"ImageObject\",\"inLanguage\":\"it-IT\",\"@id\":\"https:\/\/imagineme.ai\/it\/affiliate-terms-of-use\/#primaryimage\",\"url\":\"https:\/\/imagineme-ai.b-cdn.net\/wp-content\/uploads\/2023\/01\/ImagineMe-Logo-Black-with-White-text-orange-dot.png\",\"contentUrl\":\"https:\/\/imagineme-ai.b-cdn.net\/wp-content\/uploads\/2023\/01\/ImagineMe-Logo-Black-with-White-text-orange-dot.png\",\"width\":2245,\"height\":2245},{\"@type\":\"BreadcrumbList\",\"@id\":\"https:\/\/imagineme.ai\/it\/affiliate-terms-of-use\/#breadcrumb\",\"itemListElement\":[{\"@type\":\"ListItem\",\"position\":1,\"name\":\"Home\",\"item\":\"https:\/\/imagineme.ai\/it\/\"},{\"@type\":\"ListItem\",\"position\":2,\"name\":\"Condizioni d&#8217;uso degli affiliati\"}]},{\"@type\":\"WebSite\",\"@id\":\"https:\/\/imagineme.ai\/it\/#website\",\"url\":\"https:\/\/imagineme.ai\/it\/\",\"name\":\"ImagineMe\",\"description\":\"ImagineMe is a new AI system that lets you generate stunning art of yourself from a simple text description.\",\"publisher\":{\"@id\":\"https:\/\/imagineme.ai\/it\/#organization\"},\"potentialAction\":[{\"@type\":\"SearchAction\",\"target\":{\"@type\":\"EntryPoint\",\"urlTemplate\":\"https:\/\/imagineme.ai\/it\/?s={search_term_string}\"},\"query-input\":{\"@type\":\"PropertyValueSpecification\",\"valueRequired\":true,\"valueName\":\"search_term_string\"}}],\"inLanguage\":\"it-IT\"},{\"@type\":\"Organization\",\"@id\":\"https:\/\/imagineme.ai\/it\/#organization\",\"name\":\"ImagineMe\",\"url\":\"https:\/\/imagineme.ai\/it\/\",\"logo\":{\"@type\":\"ImageObject\",\"inLanguage\":\"it-IT\",\"@id\":\"https:\/\/imagineme.ai\/it\/#\/schema\/logo\/image\/\",\"url\":\"https:\/\/imagineme-ai.b-cdn.net\/wp-content\/uploads\/2022\/11\/imagineme_logo_512.png\",\"contentUrl\":\"https:\/\/imagineme-ai.b-cdn.net\/wp-content\/uploads\/2022\/11\/imagineme_logo_512.png\",\"width\":512,\"height\":512,\"caption\":\"ImagineMe\"},\"image\":{\"@id\":\"https:\/\/imagineme.ai\/it\/#\/schema\/logo\/image\/\"}}]}<\/script>\n<!-- \/ Yoast SEO plugin. -->","yoast_head_json":{"title":"Condizioni d'uso degli affiliati - ImagineMe","description":"Condizioni d'uso del programma di affiliazione di ImagineMe.","robots":{"index":"index","follow":"follow","max-snippet":"max-snippet:-1","max-image-preview":"max-image-preview:large","max-video-preview":"max-video-preview:-1"},"canonical":"https:\/\/imagineme.ai\/it\/affiliate-terms-of-use\/","og_locale":"it_IT","og_type":"article","og_title":"Condizioni d'uso degli affiliati - ImagineMe","og_description":"Condizioni d'uso del programma di affiliazione di ImagineMe.","og_url":"https:\/\/imagineme.ai\/it\/affiliate-terms-of-use\/","og_site_name":"ImagineMe","og_image":[{"width":2245,"height":2245,"url":"https:\/\/imagineme.ai\/wp-content\/uploads\/2023\/01\/ImagineMe-Logo-Black-with-White-text-orange-dot.png","type":"image\/png"}],"twitter_card":"summary_large_image","twitter_misc":{"Tempo di lettura stimato":"5 minuti"},"schema":{"@context":"https:\/\/schema.org","@graph":[{"@type":"WebPage","@id":"https:\/\/imagineme.ai\/it\/affiliate-terms-of-use\/","url":"https:\/\/imagineme.ai\/it\/affiliate-terms-of-use\/","name":"Condizioni d'uso degli affiliati - ImagineMe","isPartOf":{"@id":"https:\/\/imagineme.ai\/it\/#website"},"primaryImageOfPage":{"@id":"https:\/\/imagineme.ai\/it\/affiliate-terms-of-use\/#primaryimage"},"image":{"@id":"https:\/\/imagineme.ai\/it\/affiliate-terms-of-use\/#primaryimage"},"thumbnailUrl":"https:\/\/imagineme-ai.b-cdn.net\/wp-content\/uploads\/2023\/01\/ImagineMe-Logo-Black-with-White-text-orange-dot.png","datePublished":"2026-03-18T21:38:10+00:00","description":"Condizioni d'uso del programma di affiliazione di ImagineMe.","breadcrumb":{"@id":"https:\/\/imagineme.ai\/it\/affiliate-terms-of-use\/#breadcrumb"},"inLanguage":"it-IT","potentialAction":[{"@type":"ReadAction","target":["https:\/\/imagineme.ai\/it\/affiliate-terms-of-use\/"]}]},{"@type":"ImageObject","inLanguage":"it-IT","@id":"https:\/\/imagineme.ai\/it\/affiliate-terms-of-use\/#primaryimage","url":"https:\/\/imagineme-ai.b-cdn.net\/wp-content\/uploads\/2023\/01\/ImagineMe-Logo-Black-with-White-text-orange-dot.png","contentUrl":"https:\/\/imagineme-ai.b-cdn.net\/wp-content\/uploads\/2023\/01\/ImagineMe-Logo-Black-with-White-text-orange-dot.png","width":2245,"height":2245},{"@type":"BreadcrumbList","@id":"https:\/\/imagineme.ai\/it\/affiliate-terms-of-use\/#breadcrumb","itemListElement":[{"@type":"ListItem","position":1,"name":"Home","item":"https:\/\/imagineme.ai\/it\/"},{"@type":"ListItem","position":2,"name":"Condizioni d&#8217;uso degli affiliati"}]},{"@type":"WebSite","@id":"https:\/\/imagineme.ai\/it\/#website","url":"https:\/\/imagineme.ai\/it\/","name":"ImagineMe","description":"ImagineMe is a new AI system that lets you generate stunning art of yourself from a simple text description.","publisher":{"@id":"https:\/\/imagineme.ai\/it\/#organization"},"potentialAction":[{"@type":"SearchAction","target":{"@type":"EntryPoint","urlTemplate":"https:\/\/imagineme.ai\/it\/?s={search_term_string}"},"query-input":{"@type":"PropertyValueSpecification","valueRequired":true,"valueName":"search_term_string"}}],"inLanguage":"it-IT"},{"@type":"Organization","@id":"https:\/\/imagineme.ai\/it\/#organization","name":"ImagineMe","url":"https:\/\/imagineme.ai\/it\/","logo":{"@type":"ImageObject","inLanguage":"it-IT","@id":"https:\/\/imagineme.ai\/it\/#\/schema\/logo\/image\/","url":"https:\/\/imagineme-ai.b-cdn.net\/wp-content\/uploads\/2022\/11\/imagineme_logo_512.png","contentUrl":"https:\/\/imagineme-ai.b-cdn.net\/wp-content\/uploads\/2022\/11\/imagineme_logo_512.png","width":512,"height":512,"caption":"ImagineMe"},"image":{"@id":"https:\/\/imagineme.ai\/it\/#\/schema\/logo\/image\/"}}]}},"_links":{"self":[{"href":"https:\/\/imagineme.ai\/it\/wp-json\/wp\/v2\/pages\/73665","targetHints":{"allow":["GET"]}}],"collection":[{"href":"https:\/\/imagineme.ai\/it\/wp-json\/wp\/v2\/pages"}],"about":[{"href":"https:\/\/imagineme.ai\/it\/wp-json\/wp\/v2\/types\/page"}],"author":[{"embeddable":true,"href":"https:\/\/imagineme.ai\/it\/wp-json\/wp\/v2\/users\/146636"}],"replies":[{"embeddable":true,"href":"https:\/\/imagineme.ai\/it\/wp-json\/wp\/v2\/comments?post=73665"}],"version-history":[{"count":1,"href":"https:\/\/imagineme.ai\/it\/wp-json\/wp\/v2\/pages\/73665\/revisions"}],"predecessor-version":[{"id":285785,"href":"https:\/\/imagineme.ai\/it\/wp-json\/wp\/v2\/pages\/73665\/revisions\/285785"}],"wp:featuredmedia":[{"embeddable":true,"href":"https:\/\/imagineme.ai\/it\/wp-json\/wp\/v2\/media\/10926"}],"wp:attachment":[{"href":"https:\/\/imagineme.ai\/it\/wp-json\/wp\/v2\/media?parent=73665"}],"curies":[{"name":"wp","href":"https:\/\/api.w.org\/{rel}","templated":true}]}}